{"id":3563,"date":"2025-09-18T14:25:04","date_gmt":"2025-09-18T11:25:04","guid":{"rendered":"https:\/\/ellego.fi\/ellego\/kyberturvallisuus\/"},"modified":"2026-02-06T15:12:33","modified_gmt":"2026-02-06T13:12:33","slug":"kyberturvallisuus","status":"publish","type":"page","link":"https:\/\/ellego.fi\/fi\/ellego\/kyberturvallisuus\/","title":{"rendered":"Kyberturvallisuus"},"content":{"rendered":"\t\t<div data-elementor-type=\"wp-page\" data-elementor-id=\"3563\" class=\"elementor elementor-3563 elementor-1112\" data-elementor-post-type=\"page\">\n\t\t\t\t<div class=\"elementor-element elementor-element-07fcedc e-flex e-con-boxed e-con e-parent\" data-id=\"07fcedc\" data-element_type=\"container\" data-e-type=\"container\" data-settings=\"{&quot;background_background&quot;:&quot;classic&quot;,&quot;jet_parallax_layout_list&quot;:[]}\">\n\t\t\t\t\t<div class=\"e-con-inner\">\n\t\t\t\t<div class=\"elementor-element elementor-element-06bf667 elementor-widget elementor-widget-heading\" data-id=\"06bf667\" data-element_type=\"widget\" data-e-type=\"widget\" data-widget_type=\"heading.default\">\n\t\t\t\t<div class=\"elementor-widget-container\">\n\t\t\t\t\t<h1 class=\"elementor-heading-title elementor-size-default\">ELLEGO\u2122 kyberturvallisuus<\/h1>\t\t\t\t<\/div>\n\t\t\t\t<\/div>\n\t\t\t\t\t<\/div>\n\t\t\t\t<\/div>\n\t\t<div class=\"elementor-element elementor-element-bf984dd e-flex e-con-boxed e-con e-parent\" data-id=\"bf984dd\" data-element_type=\"container\" data-e-type=\"container\" data-settings=\"{&quot;jet_parallax_layout_list&quot;:[]}\">\n\t\t\t\t\t<div class=\"e-con-inner\">\n\t\t<div class=\"elementor-element elementor-element-182a406 e-con-full e-flex e-con e-child\" data-id=\"182a406\" data-element_type=\"container\" data-e-type=\"container\" data-settings=\"{&quot;jet_parallax_layout_list&quot;:[],&quot;animation&quot;:&quot;none&quot;}\">\n\t\t\t\t<div class=\"elementor-element elementor-element-d72e182 elementor-widget elementor-widget-heading\" data-id=\"d72e182\" data-element_type=\"widget\" data-e-type=\"widget\" data-widget_type=\"heading.default\">\n\t\t\t\t<div class=\"elementor-widget-container\">\n\t\t\t\t\t<h2 class=\"elementor-heading-title elementor-size-default\">Turvaa kriittisiin kohteisiin osana ELLEGOn vastuullisuutta<\/h2>\t\t\t\t<\/div>\n\t\t\t\t<\/div>\n\t\t\t\t<\/div>\n\t\t\t\t\t<\/div>\n\t\t\t\t<\/div>\n\t\t<div class=\"elementor-element elementor-element-711022c e-flex e-con-boxed e-con e-parent\" data-id=\"711022c\" data-element_type=\"container\" data-e-type=\"container\" data-settings=\"{&quot;jet_parallax_layout_list&quot;:[]}\">\n\t\t\t\t\t<div class=\"e-con-inner\">\n\t\t<div class=\"elementor-element elementor-element-03db7de e-con-full hero_nosto e-flex e-con e-child\" data-id=\"03db7de\" data-element_type=\"container\" data-e-type=\"container\" data-settings=\"{&quot;jet_parallax_layout_list&quot;:[]}\">\n\t\t\t\t<div class=\"elementor-element elementor-element-7cde0a1 elementor-widget elementor-widget-text-editor\" data-id=\"7cde0a1\" data-element_type=\"widget\" data-e-type=\"widget\" data-widget_type=\"text-editor.default\">\n\t\t\t\t<div class=\"elementor-widget-container\">\n\t\t\t\t\t\t\t\t\t<p><span style=\"font-weight: 400;\">Teollisiin tietoverkkoihin ja niihin kytkettyihin laitteisiin kohdistuu kyberuhkia. Haavoittuvuuksien tunteminen on t\u00e4rke\u00e4\u00e4 j\u00e4rjestelm\u00e4n suojaamiseksi. J\u00e4rjestelm\u00e4n suunnittelu, k\u00e4ytt\u00f6paikka, k\u00e4ytt\u00f6\u00f6notto, operointi ja yll\u00e4pito joutuu huomioimaan lukuisia yksityiskohtia ja riippuvuuksia vaaditun turvallisuustason saavuttamiseksi. Teollisuusj\u00e4rjestelmiss\u00e4 k\u00e4ytet\u00e4\u00e4n tyypillisesti vanhoja ja uusia j\u00e4rjestelmi\u00e4 ja laitteita, erilaisia ohjausj\u00e4rjestelmi\u00e4 ja useita DCS-, SCADA- ja PLC-j\u00e4rjestelmien kyberturvallisuustasoja. Kyberturvallisuudessa uhkakuvat ja suojautumismenetelm\u00e4t muuttuvat jatkuvasti ja siksi on t\u00e4rke\u00e4\u00e4 seurata alan kehityst\u00e4 sek\u00e4 turvallisuusviranomaisten ja valmistajien tiedotteita.<\/span><\/p><p> <\/p><p>ELLEGO\u2122 suunnittelee ja valmistaa s\u00e4hk\u00f6j\u00e4rjestelmiss\u00e4 k\u00e4ytett\u00e4vi\u00e4 laitteita. Sovellusten mukaan laitteet ovat tehol\u00e4hteit\u00e4, akustovaraajia, DC-UPS-laitteita, virtal\u00e4hteit\u00e4 tai r\u00e4\u00e4t\u00e4l\u00f6ityj\u00e4 DC-ratkaisuja. Kyberturvallisuuden n\u00e4k\u00f6kulmasta laitteemme ovat verkonreunalaitteita, jotka tyypillisesti liitet\u00e4\u00e4n paikalliseen valvomoon. Laitteemme kyberturvallisuusominaisuudet toteutetaan IEC 62443 turvaluokan 1 ja sulautetun laitetyypin mukaan k\u00e4ytt\u00e4en langallisia TCP\/IP\/Ethernet-yhteyksi\u00e4. Laitteidemme p\u00e4\u00e4komponentit ja ohjelmistot ovat suunniteltu ja valmistettu Suomessa, jolloin ne sopivat my\u00f6s huoltovarmuuden kannalta kriittisiin j\u00e4rjestelmiin. Osa laitteistamme on toteutettu kokonaan analogiaelektroniikalla, jolloin ne digitaalisten kyberuhkien puuttuessa soveltuvat korkeaa kyberturvallisuutta vaativiin kohteisiin.<\/p>\t\t\t\t\t\t\t\t<\/div>\n\t\t\t\t<\/div>\n\t\t\t\t<\/div>\n\t\t\t\t\t<\/div>\n\t\t\t\t<\/div>\n\t\t<div class=\"elementor-element elementor-element-f7f57e8 e-flex e-con-boxed e-con e-parent\" data-id=\"f7f57e8\" data-element_type=\"container\" data-e-type=\"container\" data-settings=\"{&quot;jet_parallax_layout_list&quot;:[]}\">\n\t\t\t\t\t<div class=\"e-con-inner\">\n\t\t<div class=\"elementor-element elementor-element-b7797ff e-con-full hero_nosto e-flex e-con e-child\" data-id=\"b7797ff\" data-element_type=\"container\" data-e-type=\"container\" data-settings=\"{&quot;jet_parallax_layout_list&quot;:[]}\">\n\t\t\t\t<div class=\"elementor-element elementor-element-5e2acb7 elementor-widget elementor-widget-heading\" data-id=\"5e2acb7\" data-element_type=\"widget\" data-e-type=\"widget\" data-widget_type=\"heading.default\">\n\t\t\t\t<div class=\"elementor-widget-container\">\n\t\t\t\t\t<h3 class=\"elementor-heading-title elementor-size-default\">Jatkuvaa kehityst\u00e4 ja huoltovarmuutta<\/h3>\t\t\t\t<\/div>\n\t\t\t\t<\/div>\n\t\t\t\t<div class=\"elementor-element elementor-element-8fe8519 elementor-widget elementor-widget-text-editor\" data-id=\"8fe8519\" data-element_type=\"widget\" data-e-type=\"widget\" data-widget_type=\"text-editor.default\">\n\t\t\t\t<div class=\"elementor-widget-container\">\n\t\t\t\t\t\t\t\t\t<p><span style=\"font-weight: 400;\">Sovellus, paikallinen k\u00e4ytt\u00f6paikka, tietoverkko ja kyberturvallisuusarkkitehtuuri m\u00e4\u00e4ritt\u00e4v\u00e4t useita kriittisi\u00e4 j\u00e4rjestelm\u00e4n ominaisuuksia kuten tarvittava suojaustaso, laitteiden rajapinnat, datansiirtoprotokollat ja fyysisen k\u00e4ytt\u00f6paikan suojauksen. ELLEGO\u2122<\/span>laitteet mukautetaan paikalliset tarpeet huomioiden ja siksi asiakkaidemme tietoturvavaatimukset sek\u00e4 j\u00e4rjestelm\u00e4tason erityisominaisuudet ovat tervetulleita keskustelunaiheita. Jaamme integraattoreille j\u00e4rjestelm\u00e4suunnittelua helpottavia suosituksia.<\/p><p> <\/p><p>ELLEGO\u2122 noudattaa yleisesti hyv\u00e4ksyttyj\u00e4 kyberturvallisuuden periaatteita, joista keskeisimm\u00e4t ovat EU CRA -asetus, IEC 62443-4 -standardi, IACS UR E27, EU NIS2 -direktiivi ja suomalainen kyberturvallisuuslaki. Laitteiden suunnitteluvaiheessa luomme sovelluskohtaisia uhkamalleja sopivien suojatapojen valitsemiseksi, sovellamme hyv\u00e4ksi havaittuja menetelmi\u00e4 ja suojaustapoja, sek\u00e4 testaamme suojausten vaikuttavuuden. Mahdollisiin poikkeamien ja haavoittuvuuksien k\u00e4sittely\u00e4 varten on olemassa prosessi ja raportointimenettelyt. Tarvittaessa tuotamme tietoturvatiedotteita ja raportoimme meneill\u00e4\u00e4n olevien toimenpiteiden edistymisest\u00e4 sek\u00e4 teemme yhteisty\u00f6t\u00e4 turvallisuusviranomaisten kanssa.<\/p><p><span style=\"font-weight: 400;\"><br>L\u00e4het\u00e4 kyberturvallisuuteen liittyv\u00e4t tiedustelut ja haavoittuvuusilmoitukset osoitteeseen <a href=\"mailto:cert@ellego.fi\">cert@ellego.fi<\/a> <\/span><\/p>\t\t\t\t\t\t\t\t<\/div>\n\t\t\t\t<\/div>\n\t\t\t\t<\/div>\n\t\t<div class=\"elementor-element elementor-element-9404c7f e-con-full hero_nosto e-flex e-con e-child\" data-id=\"9404c7f\" data-element_type=\"container\" data-e-type=\"container\" data-settings=\"{&quot;jet_parallax_layout_list&quot;:[]}\">\n\t\t\t\t<div class=\"elementor-element elementor-element-a3561c7 elementor-widget elementor-widget-image\" data-id=\"a3561c7\" data-element_type=\"widget\" data-e-type=\"widget\" data-widget_type=\"image.default\">\n\t\t\t\t<div class=\"elementor-widget-container\">\n\t\t\t\t\t\t\t\t\t\t\t\t\t\t\t<img fetchpriority=\"high\" decoding=\"async\" width=\"800\" height=\"598\" src=\"https:\/\/ellego.fi\/wp-content\/uploads\/2025\/09\/ELLEGO_cyber_security_ai-generated-1024x766.jpg\" class=\"attachment-large size-large wp-image-3562\" alt=\"\" srcset=\"https:\/\/ellego.fi\/wp-content\/uploads\/2025\/09\/ELLEGO_cyber_security_ai-generated-1024x766.jpg 1024w, https:\/\/ellego.fi\/wp-content\/uploads\/2025\/09\/ELLEGO_cyber_security_ai-generated-300x225.jpg 300w, https:\/\/ellego.fi\/wp-content\/uploads\/2025\/09\/ELLEGO_cyber_security_ai-generated-768x575.jpg 768w, https:\/\/ellego.fi\/wp-content\/uploads\/2025\/09\/ELLEGO_cyber_security_ai-generated.jpg 1280w\" sizes=\"(max-width: 800px) 100vw, 800px\" \/>\t\t\t\t\t\t\t\t\t\t\t\t\t\t\t<\/div>\n\t\t\t\t<\/div>\n\t\t\t\t<\/div>\n\t\t\t\t\t<\/div>\n\t\t\t\t<\/div>\n\t\t<div class=\"elementor-element elementor-element-7f5da26 e-flex e-con-boxed e-con e-parent\" data-id=\"7f5da26\" data-element_type=\"container\" data-e-type=\"container\" data-settings=\"{&quot;jet_parallax_layout_list&quot;:[],&quot;background_background&quot;:&quot;classic&quot;}\">\n\t\t\t\t\t<div class=\"e-con-inner\">\n\t\t<div class=\"elementor-element elementor-element-83081c6 e-con-full e-flex e-con e-child\" data-id=\"83081c6\" data-element_type=\"container\" data-e-type=\"container\" data-settings=\"{&quot;jet_parallax_layout_list&quot;:[],&quot;animation&quot;:&quot;none&quot;}\">\n\t\t\t\t<div class=\"elementor-element elementor-element-b702889 elementor-widget elementor-widget-heading\" data-id=\"b702889\" data-element_type=\"widget\" data-e-type=\"widget\" data-widget_type=\"heading.default\">\n\t\t\t\t<div class=\"elementor-widget-container\">\n\t\t\t\t\t<h5 class=\"elementor-heading-title elementor-size-default\">Tutustu my\u00f6s:<\/h5>\t\t\t\t<\/div>\n\t\t\t\t<\/div>\n\t\t\t\t<\/div>\n\t\t<div class=\"elementor-element elementor-element-4d0c07f e-con-full e-flex e-con e-child\" data-id=\"4d0c07f\" data-element_type=\"container\" data-e-type=\"container\" data-settings=\"{&quot;jet_parallax_layout_list&quot;:[],&quot;animation&quot;:&quot;none&quot;}\">\n\t\t\t\t<div class=\"elementor-element elementor-element-db988fd elementor-align-left elementor-mobile-align-center elementor-widget elementor-widget-button\" data-id=\"db988fd\" data-element_type=\"widget\" data-e-type=\"widget\" data-widget_type=\"button.default\">\n\t\t\t\t<div class=\"elementor-widget-container\">\n\t\t\t\t\t\t\t\t\t<div class=\"elementor-button-wrapper\">\n\t\t\t\t\t<a class=\"elementor-button elementor-button-link elementor-size-sm elementor-animation-grow\" href=\"https:\/\/ellego.fi\/fi\/ellego\/vastuullisuus\/\">\n\t\t\t\t\t\t<span class=\"elementor-button-content-wrapper\">\n\t\t\t\t\t\t<span class=\"elementor-button-icon\">\n\t\t\t\t<svg xmlns=\"http:\/\/www.w3.org\/2000\/svg\" width=\"34\" height=\"35\" viewBox=\"0 0 34 35\" fill=\"none\"><rect x=\"-0.000244141\" y=\"0.988892\" width=\"34\" height=\"34\" rx=\"17\" fill=\"#00AEEF\"><\/rect><path d=\"M18.4038 9.56446C18.4038 8.78784 17.7764 8.1604 16.9998 8.1604C16.2231 8.1604 15.5957 8.78784 15.5957 9.56446V16.5848H8.57539C7.79877 16.5848 7.17133 17.2122 7.17133 17.9888C7.17133 18.7655 7.79877 19.3929 8.57539 19.3929H15.5957V26.4132C15.5957 27.1898 16.2231 27.8173 16.9998 27.8173C17.7764 27.8173 18.4038 27.1898 18.4038 26.4132V19.3929H25.4241C26.2007 19.3929 26.8282 18.7655 26.8282 17.9888C26.8282 17.2122 26.2007 16.5848 25.4241 16.5848H18.4038V9.56446Z\" fill=\"white\"><\/path><\/svg>\t\t\t<\/span>\n\t\t\t\t\t\t\t\t\t<span class=\"elementor-button-text\">Vastuullisuus<\/span>\n\t\t\t\t\t<\/span>\n\t\t\t\t\t<\/a>\n\t\t\t\t<\/div>\n\t\t\t\t\t\t\t\t<\/div>\n\t\t\t\t<\/div>\n\t\t\t\t<\/div>\n\t\t\t\t\t<\/div>\n\t\t\t\t<\/div>\n\t\t\t\t<\/div>\n\t\t","protected":false},"excerpt":{"rendered":"<p>ELLEGO\u2122 kyberturvallisuus Turvaa kriittisiin kohteisiin osana ELLEGOn vastuullisuutta Teollisiin tietoverkkoihin ja niihin kytkettyihin laitteisiin kohdistuu kyberuhkia. Haavoittuvuuksien tunteminen on t\u00e4rke\u00e4\u00e4 j\u00e4rjestelm\u00e4n suojaamiseksi. J\u00e4rjestelm\u00e4n suunnittelu, k\u00e4ytt\u00f6paikka, k\u00e4ytt\u00f6\u00f6notto, operointi ja yll\u00e4pito joutuu huomioimaan lukuisia yksityiskohtia ja riippuvuuksia vaaditun turvallisuustason saavuttamiseksi. Teollisuusj\u00e4rjestelmiss\u00e4 k\u00e4ytet\u00e4\u00e4n tyypillisesti vanhoja ja uusia j\u00e4rjestelmi\u00e4 ja laitteita, erilaisia ohjausj\u00e4rjestelmi\u00e4 ja useita DCS-, SCADA- ja PLC-j\u00e4rjestelmien [&hellip;]<\/p>\n","protected":false},"author":1,"featured_media":0,"parent":3545,"menu_order":0,"comment_status":"closed","ping_status":"closed","template":"","meta":{"footnotes":""},"class_list":["post-3563","page","type-page","status-publish","hentry"],"_links":{"self":[{"href":"https:\/\/ellego.fi\/fi\/wp-json\/wp\/v2\/pages\/3563","targetHints":{"allow":["GET"]}}],"collection":[{"href":"https:\/\/ellego.fi\/fi\/wp-json\/wp\/v2\/pages"}],"about":[{"href":"https:\/\/ellego.fi\/fi\/wp-json\/wp\/v2\/types\/page"}],"author":[{"embeddable":true,"href":"https:\/\/ellego.fi\/fi\/wp-json\/wp\/v2\/users\/1"}],"replies":[{"embeddable":true,"href":"https:\/\/ellego.fi\/fi\/wp-json\/wp\/v2\/comments?post=3563"}],"version-history":[{"count":12,"href":"https:\/\/ellego.fi\/fi\/wp-json\/wp\/v2\/pages\/3563\/revisions"}],"predecessor-version":[{"id":4090,"href":"https:\/\/ellego.fi\/fi\/wp-json\/wp\/v2\/pages\/3563\/revisions\/4090"}],"up":[{"embeddable":true,"href":"https:\/\/ellego.fi\/fi\/wp-json\/wp\/v2\/pages\/3545"}],"wp:attachment":[{"href":"https:\/\/ellego.fi\/fi\/wp-json\/wp\/v2\/media?parent=3563"}],"curies":[{"name":"wp","href":"https:\/\/api.w.org\/{rel}","templated":true}]}}