{"id":3553,"date":"2025-09-18T14:34:41","date_gmt":"2025-09-18T11:34:41","guid":{"rendered":"https:\/\/ellego.fi\/ellego\/referenssit\/"},"modified":"2026-02-06T15:10:32","modified_gmt":"2026-02-06T13:10:32","slug":"referenssit","status":"publish","type":"page","link":"https:\/\/ellego.fi\/fi\/ellego\/referenssit\/","title":{"rendered":"Referenssit"},"content":{"rendered":"\t\t<div data-elementor-type=\"wp-page\" data-elementor-id=\"3553\" class=\"elementor elementor-3553 elementor-1150\" data-elementor-post-type=\"page\">\n\t\t\t\t<div class=\"elementor-element elementor-element-07fcedc e-flex e-con-boxed e-con e-parent\" data-id=\"07fcedc\" data-element_type=\"container\" data-e-type=\"container\" data-settings=\"{&quot;background_background&quot;:&quot;classic&quot;,&quot;jet_parallax_layout_list&quot;:[]}\">\n\t\t\t\t\t<div class=\"e-con-inner\">\n\t\t\t\t<div class=\"elementor-element elementor-element-06bf667 elementor-widget elementor-widget-heading\" data-id=\"06bf667\" data-element_type=\"widget\" data-e-type=\"widget\" data-widget_type=\"heading.default\">\n\t\t\t\t<div class=\"elementor-widget-container\">\n\t\t\t\t\t<h1 class=\"elementor-heading-title elementor-size-default\">Referenssit<\/h1>\t\t\t\t<\/div>\n\t\t\t\t<\/div>\n\t\t\t\t\t<\/div>\n\t\t\t\t<\/div>\n\t\t<div class=\"elementor-element elementor-element-bf984dd e-flex e-con-boxed e-con e-parent\" data-id=\"bf984dd\" data-element_type=\"container\" data-e-type=\"container\" data-settings=\"{&quot;jet_parallax_layout_list&quot;:[],&quot;background_background&quot;:&quot;classic&quot;}\">\n\t\t\t\t\t<div class=\"e-con-inner\">\n\t\t<div class=\"elementor-element elementor-element-8a7bfb6 e-grid e-con-full e-con e-child\" data-id=\"8a7bfb6\" data-element_type=\"container\" data-e-type=\"container\" data-settings=\"{&quot;jet_parallax_layout_list&quot;:[]}\">\n\t\t<div class=\"elementor-element elementor-element-d0aaea0 e-con-full e-flex e-con e-child\" data-id=\"d0aaea0\" data-element_type=\"container\" data-e-type=\"container\" data-settings=\"{&quot;jet_parallax_layout_list&quot;:[],&quot;background_background&quot;:&quot;classic&quot;,&quot;animation&quot;:&quot;none&quot;}\">\n\t\t\t\t<div class=\"elementor-element elementor-element-5c7f2fe elementor-widget elementor-widget-testimonial\" data-id=\"5c7f2fe\" data-element_type=\"widget\" data-e-type=\"widget\" data-widget_type=\"testimonial.default\">\n\t\t\t\t<div class=\"elementor-widget-container\">\n\t\t\t\t\t\t\t<div class=\"elementor-testimonial-wrapper\">\n\t\t\t\t\t\t\t<div class=\"elementor-testimonial-content\">\"Olemme ostaneet ELLEGOn tasasuuntaajia vuodesta 2003 l\u00e4htien. Tasasuuntaajat toimivat eritt\u00e4in vakaasti, ja niiden vikaantumisaste on alhainen. ELLEGOn vuosittainen huoltopalvelu takaa luotettavan toiminnan ja minimoi vaurioriskin. Tasasuuntaajien suorituskyky on erinomainen! L\u00e4ht\u00f6virta on eritt\u00e4in tasainen, ja pinnoitettu kerros on poikkeuksellisen korkealaatuinen. Lis\u00e4ksi PRT on kustannustehokas k\u00e4ytt\u00e4\u00e4 - vaadittu pinnoitteen laatu saavutetaan pienemm\u00e4ll\u00e4 j\u00e4nnitetasolla, noin 80 % verrattuna muihin aiemmin k\u00e4ytt\u00e4miimme tasasuuntaajiin.\"     <\/div>\n\t\t\t\n\t\t\t\t\t\t<div class=\"elementor-testimonial-meta\">\n\t\t\t\t<div class=\"elementor-testimonial-meta-inner\">\n\t\t\t\t\t\n\t\t\t\t\t\t\t\t\t\t<div class=\"elementor-testimonial-details\">\n\t\t\t\t\t\t\t\t\t\t\t\t\t\t<div class=\"elementor-testimonial-name\">Ben Zhang<\/div>\n\t\t\t\t\t\t\t\t\t\t\t\t\t\t\t\t\t\t\t\t\t\t<div class=\"elementor-testimonial-job\">Valter Paper Co., Ltd.<\/div>\n\t\t\t\t\t\t\t\t\t\t\t\t\t<\/div>\n\t\t\t\t\t\t\t\t\t<\/div>\n\t\t\t<\/div>\n\t\t\t\t\t<\/div>\n\t\t\t\t\t\t<\/div>\n\t\t\t\t<\/div>\n\t\t\t\t<\/div>\n\t\t<div class=\"elementor-element elementor-element-a6fc8c8 e-con-full e-flex e-con e-child\" data-id=\"a6fc8c8\" data-element_type=\"container\" data-e-type=\"container\" data-settings=\"{&quot;jet_parallax_layout_list&quot;:[],&quot;background_background&quot;:&quot;classic&quot;,&quot;animation&quot;:&quot;none&quot;}\">\n\t\t\t\t<div class=\"elementor-element elementor-element-11b6621 elementor-widget elementor-widget-testimonial\" data-id=\"11b6621\" data-element_type=\"widget\" data-e-type=\"widget\" data-widget_type=\"testimonial.default\">\n\t\t\t\t<div class=\"elementor-widget-container\">\n\t\t\t\t\t\t\t<div class=\"elementor-testimonial-wrapper\">\n\t\t\t\t\t\t\t<div class=\"elementor-testimonial-content\">\"Kromatek on tehnyt yhteisty\u00f6t\u00e4 ELLEGOn kanssa vuodesta 1990. Napaisuuden k\u00e4\u00e4nt\u00e4minen tasasuuntaajassa on t\u00e4rke\u00e4 osa pinnoitusprosessia, ja PRT-suuntaaja tarjoaa t\u00e4h\u00e4n tarpeeseen erinomaisen teknisen ratkaisun. K\u00e4yt\u00e4mme PRT-suuntaajaa Nakkilan, Varkasin ja Shanghain tehtaillamme.\"  <\/div>\n\t\t\t\n\t\t\t\t\t\t<div class=\"elementor-testimonial-meta\">\n\t\t\t\t<div class=\"elementor-testimonial-meta-inner\">\n\t\t\t\t\t\n\t\t\t\t\t\t\t\t\t\t<div class=\"elementor-testimonial-details\">\n\t\t\t\t\t\t\t\t\t\t\t\t\t\t<div class=\"elementor-testimonial-name\">Kauko Tuliniemi<\/div>\n\t\t\t\t\t\t\t\t\t\t\t\t\t\t\t\t\t\t\t\t\t\t<div class=\"elementor-testimonial-job\">Kromatek Oy<\/div>\n\t\t\t\t\t\t\t\t\t\t\t\t\t<\/div>\n\t\t\t\t\t\t\t\t\t<\/div>\n\t\t\t<\/div>\n\t\t\t\t\t<\/div>\n\t\t\t\t\t\t<\/div>\n\t\t\t\t<\/div>\n\t\t\t\t<\/div>\n\t\t<div class=\"elementor-element elementor-element-6b2f74f e-con-full e-flex e-con e-child\" data-id=\"6b2f74f\" data-element_type=\"container\" data-e-type=\"container\" data-settings=\"{&quot;jet_parallax_layout_list&quot;:[],&quot;background_background&quot;:&quot;classic&quot;,&quot;animation&quot;:&quot;none&quot;}\">\n\t\t\t\t<div class=\"elementor-element elementor-element-1fbf3ee elementor-widget elementor-widget-testimonial\" data-id=\"1fbf3ee\" data-element_type=\"widget\" data-e-type=\"widget\" data-widget_type=\"testimonial.default\">\n\t\t\t\t<div class=\"elementor-widget-container\">\n\t\t\t\t\t\t\t<div class=\"elementor-testimonial-wrapper\">\n\t\t\t\t\t\t\t<div class=\"elementor-testimonial-content\">\"Kova-Kromi Oy:n tuotteet t\u00e4ytt\u00e4v\u00e4t kansainv\u00e4liset laatustandardit, jotka m\u00e4\u00e4rittelev\u00e4t vaatimukset ominaisuuksille, kuten tarttuvuudelle, pinnoitteen paksuudelle, kovuudelle ja tiheydelle. Kova-Kromi Oy on k\u00e4ytt\u00e4nyt PRT-suorasuuntaajia vuodesta 1995 ja on eritt\u00e4in tyytyv\u00e4inen niiden korkeaan laatuun ja luotettavuuteen. PRT-suorasuuntaajat t\u00e4ytt\u00e4v\u00e4t korkeimmat vaatimukset.\"<\/div>\n\t\t\t\n\t\t\t\t\t\t<div class=\"elementor-testimonial-meta\">\n\t\t\t\t<div class=\"elementor-testimonial-meta-inner\">\n\t\t\t\t\t\n\t\t\t\t\t\t\t\t\t\t<div class=\"elementor-testimonial-details\">\n\t\t\t\t\t\t\t\t\t\t\t\t\t\t<div class=\"elementor-testimonial-name\">Petteri Soranta<\/div>\n\t\t\t\t\t\t\t\t\t\t\t\t\t\t\t\t\t\t\t\t\t\t<div class=\"elementor-testimonial-job\">Kova-Kromi Oy<\/div>\n\t\t\t\t\t\t\t\t\t\t\t\t\t<\/div>\n\t\t\t\t\t\t\t\t\t<\/div>\n\t\t\t<\/div>\n\t\t\t\t\t<\/div>\n\t\t\t\t\t\t<\/div>\n\t\t\t\t<\/div>\n\t\t\t\t<\/div>\n\t\t\t\t<\/div>\n\t\t\t\t\t<\/div>\n\t\t\t\t<\/div>\n\t\t<div class=\"elementor-element elementor-element-a75ad36 e-flex e-con-boxed e-con e-parent\" data-id=\"a75ad36\" data-element_type=\"container\" data-e-type=\"container\" data-settings=\"{&quot;jet_parallax_layout_list&quot;:[],&quot;background_background&quot;:&quot;classic&quot;}\">\n\t\t\t\t\t<div class=\"e-con-inner\">\n\t\t<div class=\"elementor-element elementor-element-420b30d e-con-full e-flex e-con e-child\" data-id=\"420b30d\" data-element_type=\"container\" data-e-type=\"container\" data-settings=\"{&quot;jet_parallax_layout_list&quot;:[]}\">\n\t\t\t\t<div class=\"elementor-element elementor-element-1336573 elementor-align-left elementor-mobile-align-center elementor-widget elementor-widget-button\" data-id=\"1336573\" data-element_type=\"widget\" data-e-type=\"widget\" data-widget_type=\"button.default\">\n\t\t\t\t<div class=\"elementor-widget-container\">\n\t\t\t\t\t\t\t\t\t<div class=\"elementor-button-wrapper\">\n\t\t\t\t\t<a class=\"elementor-button elementor-button-link elementor-size-sm elementor-animation-grow\" href=\"\/wp-content\/uploads\/2025\/09\/ELLEGO-AGL-and-ELLED-Arctic-performance-statement_Enontekio.pdf\" target=\"_blank\">\n\t\t\t\t\t\t<span class=\"elementor-button-content-wrapper\">\n\t\t\t\t\t\t<span class=\"elementor-button-icon\">\n\t\t\t\t<svg xmlns=\"http:\/\/www.w3.org\/2000\/svg\" width=\"34\" height=\"34\" viewBox=\"0 0 34 34\" fill=\"none\"><circle cx=\"16.8404\" cy=\"16.9247\" r=\"16.8404\" fill=\"#00AEEF\"><\/circle><path d=\"M14.4231 8.34355H10.1705C9.83633 8.34355 9.56294 8.61694 9.56294 8.95107V23.5315C9.56294 23.8657 9.83633 24.139 10.1705 24.139H13.2081V25.9616H10.1705C8.83012 25.9616 7.74039 24.8719 7.74039 23.5315V8.95107C7.74039 7.61073 8.83012 6.521 10.1705 6.521H15.2394C15.8849 6.521 16.5038 6.77539 16.9595 7.23103L21.6108 11.8861C22.0664 12.3418 22.3208 12.9607 22.3208 13.6062V19.2827H20.4983V14.4225H17.1569C15.6457 14.4225 14.4231 13.1999 14.4231 11.6887V8.34735V8.34355ZM19.7427 12.5962L16.2457 9.09915V11.6849C16.2457 12.1899 16.6519 12.5962 17.1569 12.5962H19.7427ZM15.6381 20.9496H16.8532C18.11 20.9496 19.1314 21.971 19.1314 23.2278C19.1314 24.4846 18.11 25.506 16.8532 25.506H16.3975V26.5691C16.3975 26.9868 16.0558 27.3285 15.6381 27.3285C15.2205 27.3285 14.8787 26.9868 14.8787 26.5691V21.709C14.8787 21.2913 15.2205 20.9496 15.6381 20.9496ZM16.8532 23.9872C17.2708 23.9872 17.6126 23.6454 17.6126 23.2278C17.6126 22.8101 17.2708 22.4684 16.8532 22.4684H16.3975V23.9872H16.8532ZM20.4983 20.9496H21.7133C22.8031 20.9496 23.6878 21.8343 23.6878 22.924V25.3541C23.6878 26.4438 22.8031 27.3285 21.7133 27.3285H20.4983C20.0806 27.3285 19.7389 26.9868 19.7389 26.5691V21.709C19.7389 21.2913 20.0806 20.9496 20.4983 20.9496ZM21.7133 25.8097C21.9639 25.8097 22.169 25.6047 22.169 25.3541V22.924C22.169 22.6734 21.9639 22.4684 21.7133 22.4684H21.2577V25.8097H21.7133ZM24.599 21.709C24.599 21.2913 24.9408 20.9496 25.3584 20.9496H27.181C27.5987 20.9496 27.9404 21.2913 27.9404 21.709C27.9404 22.1266 27.5987 22.4684 27.181 22.4684H26.1178V23.3796H27.181C27.5987 23.3796 27.9404 23.7214 27.9404 24.139C27.9404 24.5567 27.5987 24.8984 27.181 24.8984H26.1178V26.5691C26.1178 26.9868 25.7761 27.3285 25.3584 27.3285C24.9408 27.3285 24.599 26.9868 24.599 26.5691V21.709Z\" fill=\"white\"><\/path><\/svg>\t\t\t<\/span>\n\t\t\t\t\t\t\t\t\t<span class=\"elementor-button-text\">ELLEGO AGL:n ja ELLEDin arktisen suorituskyvyn lausunto Enonteki\u00f6<\/span>\n\t\t\t\t\t<\/span>\n\t\t\t\t\t<\/a>\n\t\t\t\t<\/div>\n\t\t\t\t\t\t\t\t<\/div>\n\t\t\t\t<\/div>\n\t\t\t\t<div class=\"elementor-element elementor-element-1770b7a elementor-mobile-align-center elementor-widget elementor-widget-button\" data-id=\"1770b7a\" data-element_type=\"widget\" data-e-type=\"widget\" data-widget_type=\"button.default\">\n\t\t\t\t<div class=\"elementor-widget-container\">\n\t\t\t\t\t\t\t\t\t<div class=\"elementor-button-wrapper\">\n\t\t\t\t\t<a class=\"elementor-button elementor-button-link elementor-size-sm elementor-animation-grow\" href=\"\/wp-content\/uploads\/2025\/09\/FINAVIA_Ellego2025.pdf\" target=\"_blank\">\n\t\t\t\t\t\t<span class=\"elementor-button-content-wrapper\">\n\t\t\t\t\t\t<span class=\"elementor-button-icon\">\n\t\t\t\t<svg xmlns=\"http:\/\/www.w3.org\/2000\/svg\" width=\"34\" height=\"34\" viewBox=\"0 0 34 34\" fill=\"none\"><circle cx=\"16.8404\" cy=\"16.9247\" r=\"16.8404\" fill=\"#00AEEF\"><\/circle><path d=\"M14.4231 8.34355H10.1705C9.83633 8.34355 9.56294 8.61694 9.56294 8.95107V23.5315C9.56294 23.8657 9.83633 24.139 10.1705 24.139H13.2081V25.9616H10.1705C8.83012 25.9616 7.74039 24.8719 7.74039 23.5315V8.95107C7.74039 7.61073 8.83012 6.521 10.1705 6.521H15.2394C15.8849 6.521 16.5038 6.77539 16.9595 7.23103L21.6108 11.8861C22.0664 12.3418 22.3208 12.9607 22.3208 13.6062V19.2827H20.4983V14.4225H17.1569C15.6457 14.4225 14.4231 13.1999 14.4231 11.6887V8.34735V8.34355ZM19.7427 12.5962L16.2457 9.09915V11.6849C16.2457 12.1899 16.6519 12.5962 17.1569 12.5962H19.7427ZM15.6381 20.9496H16.8532C18.11 20.9496 19.1314 21.971 19.1314 23.2278C19.1314 24.4846 18.11 25.506 16.8532 25.506H16.3975V26.5691C16.3975 26.9868 16.0558 27.3285 15.6381 27.3285C15.2205 27.3285 14.8787 26.9868 14.8787 26.5691V21.709C14.8787 21.2913 15.2205 20.9496 15.6381 20.9496ZM16.8532 23.9872C17.2708 23.9872 17.6126 23.6454 17.6126 23.2278C17.6126 22.8101 17.2708 22.4684 16.8532 22.4684H16.3975V23.9872H16.8532ZM20.4983 20.9496H21.7133C22.8031 20.9496 23.6878 21.8343 23.6878 22.924V25.3541C23.6878 26.4438 22.8031 27.3285 21.7133 27.3285H20.4983C20.0806 27.3285 19.7389 26.9868 19.7389 26.5691V21.709C19.7389 21.2913 20.0806 20.9496 20.4983 20.9496ZM21.7133 25.8097C21.9639 25.8097 22.169 25.6047 22.169 25.3541V22.924C22.169 22.6734 21.9639 22.4684 21.7133 22.4684H21.2577V25.8097H21.7133ZM24.599 21.709C24.599 21.2913 24.9408 20.9496 25.3584 20.9496H27.181C27.5987 20.9496 27.9404 21.2913 27.9404 21.709C27.9404 22.1266 27.5987 22.4684 27.181 22.4684H26.1178V23.3796H27.181C27.5987 23.3796 27.9404 23.7214 27.9404 24.139C27.9404 24.5567 27.5987 24.8984 27.181 24.8984H26.1178V26.5691C26.1178 26.9868 25.7761 27.3285 25.3584 27.3285C24.9408 27.3285 24.599 26.9868 24.599 26.5691V21.709Z\" fill=\"white\"><\/path><\/svg>\t\t\t<\/span>\n\t\t\t\t\t\t\t\t\t<span class=\"elementor-button-text\">FINAVIA Ellego2025<\/span>\n\t\t\t\t\t<\/span>\n\t\t\t\t\t<\/a>\n\t\t\t\t<\/div>\n\t\t\t\t\t\t\t\t<\/div>\n\t\t\t\t<\/div>\n\t\t\t\t<\/div>\n\t\t\t\t\t<\/div>\n\t\t\t\t<\/div>\n\t\t\t\t<\/div>\n\t\t","protected":false},"excerpt":{"rendered":"<p>Referenssit &#8221;Olemme ostaneet ELLEGOn tasasuuntaajia vuodesta 2003 l\u00e4htien. Tasasuuntaajat toimivat eritt\u00e4in vakaasti, ja niiden vikaantumisaste on alhainen. ELLEGOn vuosittainen huoltopalvelu takaa luotettavan toiminnan ja minimoi vaurioriskin. Tasasuuntaajien suorituskyky on erinomainen! L\u00e4ht\u00f6virta on eritt\u00e4in tasainen, ja pinnoitettu kerros on poikkeuksellisen korkealaatuinen. Lis\u00e4ksi PRT on kustannustehokas k\u00e4ytt\u00e4\u00e4 &#8211; vaadittu pinnoitteen laatu saavutetaan pienemm\u00e4ll\u00e4 j\u00e4nnitetasolla, noin 80 % [&hellip;]<\/p>\n","protected":false},"author":1,"featured_media":0,"parent":3545,"menu_order":0,"comment_status":"closed","ping_status":"closed","template":"","meta":{"footnotes":""},"class_list":["post-3553","page","type-page","status-publish","hentry"],"_links":{"self":[{"href":"https:\/\/ellego.fi\/fi\/wp-json\/wp\/v2\/pages\/3553","targetHints":{"allow":["GET"]}}],"collection":[{"href":"https:\/\/ellego.fi\/fi\/wp-json\/wp\/v2\/pages"}],"about":[{"href":"https:\/\/ellego.fi\/fi\/wp-json\/wp\/v2\/types\/page"}],"author":[{"embeddable":true,"href":"https:\/\/ellego.fi\/fi\/wp-json\/wp\/v2\/users\/1"}],"replies":[{"embeddable":true,"href":"https:\/\/ellego.fi\/fi\/wp-json\/wp\/v2\/comments?post=3553"}],"version-history":[{"count":6,"href":"https:\/\/ellego.fi\/fi\/wp-json\/wp\/v2\/pages\/3553\/revisions"}],"predecessor-version":[{"id":3935,"href":"https:\/\/ellego.fi\/fi\/wp-json\/wp\/v2\/pages\/3553\/revisions\/3935"}],"up":[{"embeddable":true,"href":"https:\/\/ellego.fi\/fi\/wp-json\/wp\/v2\/pages\/3545"}],"wp:attachment":[{"href":"https:\/\/ellego.fi\/fi\/wp-json\/wp\/v2\/media?parent=3553"}],"curies":[{"name":"wp","href":"https:\/\/api.w.org\/{rel}","templated":true}]}}