{"id":3511,"date":"2025-09-18T15:19:37","date_gmt":"2025-09-18T12:19:37","guid":{"rendered":"https:\/\/ellego.fi\/toimialat\/"},"modified":"2026-02-06T09:40:14","modified_gmt":"2026-02-06T07:40:14","slug":"toimialat","status":"publish","type":"page","link":"https:\/\/ellego.fi\/fi\/toimialat\/","title":{"rendered":"Toimialat"},"content":{"rendered":"\t\t<div data-elementor-type=\"wp-page\" data-elementor-id=\"3511\" class=\"elementor elementor-3511 elementor-1192\" data-elementor-post-type=\"page\">\n\t\t\t\t<div class=\"elementor-element elementor-element-bf984dd e-flex e-con-boxed e-con e-parent\" data-id=\"bf984dd\" data-element_type=\"container\" data-e-type=\"container\" data-settings=\"{&quot;jet_parallax_layout_list&quot;:[]}\">\n\t\t\t\t\t<div class=\"e-con-inner\">\n\t\t<div class=\"elementor-element elementor-element-182a406 e-con-full e-flex elementor-invisible e-con e-child\" data-id=\"182a406\" data-element_type=\"container\" data-e-type=\"container\" data-settings=\"{&quot;jet_parallax_layout_list&quot;:[],&quot;animation&quot;:&quot;fadeInUp&quot;}\">\n\t\t\t\t<div class=\"elementor-element elementor-element-c3604ec elementor-widget elementor-widget-heading\" data-id=\"c3604ec\" data-element_type=\"widget\" data-e-type=\"widget\" data-widget_type=\"heading.default\">\n\t\t\t\t<div class=\"elementor-widget-container\">\n\t\t\t\t\t<h1 class=\"elementor-heading-title elementor-size-default\">Toimialat<\/h1>\t\t\t\t<\/div>\n\t\t\t\t<\/div>\n\t\t\t\t<\/div>\n\t\t\t\t\t<\/div>\n\t\t\t\t<\/div>\n\t\t<div class=\"elementor-element elementor-element-711022c e-flex e-con-boxed e-con e-parent\" data-id=\"711022c\" data-element_type=\"container\" data-e-type=\"container\" data-settings=\"{&quot;jet_parallax_layout_list&quot;:[]}\">\n\t\t\t\t\t<div class=\"e-con-inner\">\n\t\t<div class=\"elementor-element elementor-element-a3e790e e-grid e-con-full e-con e-child\" data-id=\"a3e790e\" data-element_type=\"container\" data-e-type=\"container\" data-settings=\"{&quot;jet_parallax_layout_list&quot;:[]}\">\n\t\t<div class=\"elementor-element elementor-element-95d10da e-con-full hero_nosto e-flex e-con e-child\" data-id=\"95d10da\" data-element_type=\"container\" data-e-type=\"container\" data-settings=\"{&quot;jet_parallax_layout_list&quot;:[]}\">\n\t\t<div class=\"elementor-element elementor-element-1d29642 e-con-full e-flex e-con e-child\" data-id=\"1d29642\" data-element_type=\"container\" data-e-type=\"container\" data-settings=\"{&quot;jet_parallax_layout_list&quot;:[]}\">\n\t\t\t\t<div class=\"elementor-element elementor-element-de243bc elementor-widget elementor-widget-image\" data-id=\"de243bc\" data-element_type=\"widget\" data-e-type=\"widget\" data-widget_type=\"image.default\">\n\t\t\t\t<div class=\"elementor-widget-container\">\n\t\t\t\t\t\t\t\t\t\t\t\t\t\t\t<img fetchpriority=\"high\" decoding=\"async\" width=\"440\" height=\"440\" src=\"https:\/\/ellego.fi\/wp-content\/uploads\/2025\/09\/ELLEGO-Energy-icons_black@4x.png\" class=\"attachment-large size-large wp-image-3312\" alt=\"\" srcset=\"https:\/\/ellego.fi\/wp-content\/uploads\/2025\/09\/ELLEGO-Energy-icons_black@4x.png 440w, https:\/\/ellego.fi\/wp-content\/uploads\/2025\/09\/ELLEGO-Energy-icons_black@4x-300x300.png 300w, https:\/\/ellego.fi\/wp-content\/uploads\/2025\/09\/ELLEGO-Energy-icons_black@4x-150x150.png 150w\" sizes=\"(max-width: 440px) 100vw, 440px\" \/>\t\t\t\t\t\t\t\t\t\t\t\t\t\t\t<\/div>\n\t\t\t\t<\/div>\n\t\t\t\t<div class=\"elementor-element elementor-element-b5f123d elementor-widget elementor-widget-heading\" data-id=\"b5f123d\" data-element_type=\"widget\" data-e-type=\"widget\" data-widget_type=\"heading.default\">\n\t\t\t\t<div class=\"elementor-widget-container\">\n\t\t\t\t\t<h4 class=\"elementor-heading-title elementor-size-default\">Energian tuotanto ja jakelu<\/h4>\t\t\t\t<\/div>\n\t\t\t\t<\/div>\n\t\t\t\t<div class=\"elementor-element elementor-element-a4e83d0 elementor-widget elementor-widget-text-editor\" data-id=\"a4e83d0\" data-element_type=\"widget\" data-e-type=\"widget\" data-widget_type=\"text-editor.default\">\n\t\t\t\t<div class=\"elementor-widget-container\">\n\t\t\t\t\t\t\t\t\t<p><span style=\"font-weight: 400;\">Energiantuotannon ja s\u00e4hk\u00f6verkon vaatimuksena on jatkuva ja h\u00e4iri\u00f6t\u00f6n s\u00e4hk\u00f6nsy\u00f6tt\u00f6 my\u00f6s poikkeustilanteissa. <br><\/span><\/p>\t\t\t\t\t\t\t\t<\/div>\n\t\t\t\t<\/div>\n\t\t\t\t<\/div>\n\t\t\t\t<div class=\"elementor-element elementor-element-00404c2 elementor-mobile-align-right elementor-widget elementor-widget-button\" data-id=\"00404c2\" data-element_type=\"widget\" data-e-type=\"widget\" data-widget_type=\"button.default\">\n\t\t\t\t<div class=\"elementor-widget-container\">\n\t\t\t\t\t\t\t\t\t<div class=\"elementor-button-wrapper\">\n\t\t\t\t\t<a class=\"elementor-button elementor-button-link elementor-size-sm elementor-animation-grow\" href=\"https:\/\/ellego.fi\/fi\/toimialat\/energian-tuotanto-ja-jakelu\/\">\n\t\t\t\t\t\t<span class=\"elementor-button-content-wrapper\">\n\t\t\t\t\t\t<span class=\"elementor-button-icon\">\n\t\t\t\t<svg xmlns=\"http:\/\/www.w3.org\/2000\/svg\" width=\"34\" height=\"35\" viewBox=\"0 0 34 35\" fill=\"none\"><rect x=\"-0.000244141\" y=\"0.988892\" width=\"34\" height=\"34\" rx=\"17\" fill=\"#00AEEF\"><\/rect><path d=\"M18.4038 9.56446C18.4038 8.78784 17.7764 8.1604 16.9998 8.1604C16.2231 8.1604 15.5957 8.78784 15.5957 9.56446V16.5848H8.57539C7.79877 16.5848 7.17133 17.2122 7.17133 17.9888C7.17133 18.7655 7.79877 19.3929 8.57539 19.3929H15.5957V26.4132C15.5957 27.1898 16.2231 27.8173 16.9998 27.8173C17.7764 27.8173 18.4038 27.1898 18.4038 26.4132V19.3929H25.4241C26.2007 19.3929 26.8282 18.7655 26.8282 17.9888C26.8282 17.2122 26.2007 16.5848 25.4241 16.5848H18.4038V9.56446Z\" fill=\"white\"><\/path><\/svg>\t\t\t<\/span>\n\t\t\t\t\t\t\t\t\t<span class=\"elementor-button-text\">Lue lis\u00e4\u00e4<\/span>\n\t\t\t\t\t<\/span>\n\t\t\t\t\t<\/a>\n\t\t\t\t<\/div>\n\t\t\t\t\t\t\t\t<\/div>\n\t\t\t\t<\/div>\n\t\t\t\t<\/div>\n\t\t<div class=\"elementor-element elementor-element-b4a5ec2 e-con-full hero_nosto e-flex e-con e-child\" data-id=\"b4a5ec2\" data-element_type=\"container\" data-e-type=\"container\" data-settings=\"{&quot;jet_parallax_layout_list&quot;:[]}\">\n\t\t<div class=\"elementor-element elementor-element-da627fb e-con-full e-flex e-con e-child\" data-id=\"da627fb\" data-element_type=\"container\" data-e-type=\"container\" data-settings=\"{&quot;jet_parallax_layout_list&quot;:[]}\">\n\t\t\t\t<div class=\"elementor-element elementor-element-4b81a0a elementor-widget elementor-widget-image\" data-id=\"4b81a0a\" data-element_type=\"widget\" data-e-type=\"widget\" data-widget_type=\"image.default\">\n\t\t\t\t<div class=\"elementor-widget-container\">\n\t\t\t\t\t\t\t\t\t\t\t\t\t\t\t<img decoding=\"async\" width=\"440\" height=\"440\" src=\"https:\/\/ellego.fi\/wp-content\/uploads\/2025\/09\/ELLEGO-Industry-icons_black@4x.png\" class=\"attachment-large size-large wp-image-3313\" alt=\"\" srcset=\"https:\/\/ellego.fi\/wp-content\/uploads\/2025\/09\/ELLEGO-Industry-icons_black@4x.png 440w, https:\/\/ellego.fi\/wp-content\/uploads\/2025\/09\/ELLEGO-Industry-icons_black@4x-300x300.png 300w, https:\/\/ellego.fi\/wp-content\/uploads\/2025\/09\/ELLEGO-Industry-icons_black@4x-150x150.png 150w\" sizes=\"(max-width: 440px) 100vw, 440px\" \/>\t\t\t\t\t\t\t\t\t\t\t\t\t\t\t<\/div>\n\t\t\t\t<\/div>\n\t\t\t\t<div class=\"elementor-element elementor-element-7777c58 elementor-widget elementor-widget-heading\" data-id=\"7777c58\" data-element_type=\"widget\" data-e-type=\"widget\" data-widget_type=\"heading.default\">\n\t\t\t\t<div class=\"elementor-widget-container\">\n\t\t\t\t\t<h4 class=\"elementor-heading-title elementor-size-default\">Teollisuus<\/h4>\t\t\t\t<\/div>\n\t\t\t\t<\/div>\n\t\t\t\t<div class=\"elementor-element elementor-element-8834d49 elementor-widget elementor-widget-text-editor\" data-id=\"8834d49\" data-element_type=\"widget\" data-e-type=\"widget\" data-widget_type=\"text-editor.default\">\n\t\t\t\t<div class=\"elementor-widget-container\">\n\t\t\t\t\t\t\t\t\t<p><span style=\"font-weight: 400;\">Varmista keskeytym\u00e4t\u00f6n s\u00e4hk\u00f6nsy\u00f6tt\u00f6 tuotantoprosesseillesi ELLEGOn laadukkailla tasasuuntaajilla ja tehol\u00e4hteill\u00e4. <br> <\/span><\/p>\t\t\t\t\t\t\t\t<\/div>\n\t\t\t\t<\/div>\n\t\t\t\t<\/div>\n\t\t\t\t<div class=\"elementor-element elementor-element-1ad873c elementor-mobile-align-right elementor-widget elementor-widget-button\" data-id=\"1ad873c\" data-element_type=\"widget\" data-e-type=\"widget\" data-widget_type=\"button.default\">\n\t\t\t\t<div class=\"elementor-widget-container\">\n\t\t\t\t\t\t\t\t\t<div class=\"elementor-button-wrapper\">\n\t\t\t\t\t<a class=\"elementor-button elementor-button-link elementor-size-sm elementor-animation-grow\" href=\"https:\/\/ellego.fi\/fi\/toimialat\/teollisuus\/\">\n\t\t\t\t\t\t<span class=\"elementor-button-content-wrapper\">\n\t\t\t\t\t\t<span class=\"elementor-button-icon\">\n\t\t\t\t<svg xmlns=\"http:\/\/www.w3.org\/2000\/svg\" width=\"34\" height=\"35\" viewBox=\"0 0 34 35\" fill=\"none\"><rect x=\"-0.000244141\" y=\"0.988892\" width=\"34\" height=\"34\" rx=\"17\" fill=\"#00AEEF\"><\/rect><path d=\"M18.4038 9.56446C18.4038 8.78784 17.7764 8.1604 16.9998 8.1604C16.2231 8.1604 15.5957 8.78784 15.5957 9.56446V16.5848H8.57539C7.79877 16.5848 7.17133 17.2122 7.17133 17.9888C7.17133 18.7655 7.79877 19.3929 8.57539 19.3929H15.5957V26.4132C15.5957 27.1898 16.2231 27.8173 16.9998 27.8173C17.7764 27.8173 18.4038 27.1898 18.4038 26.4132V19.3929H25.4241C26.2007 19.3929 26.8282 18.7655 26.8282 17.9888C26.8282 17.2122 26.2007 16.5848 25.4241 16.5848H18.4038V9.56446Z\" fill=\"white\"><\/path><\/svg>\t\t\t<\/span>\n\t\t\t\t\t\t\t\t\t<span class=\"elementor-button-text\">Lue lis\u00e4\u00e4  <\/span>\n\t\t\t\t\t<\/span>\n\t\t\t\t\t<\/a>\n\t\t\t\t<\/div>\n\t\t\t\t\t\t\t\t<\/div>\n\t\t\t\t<\/div>\n\t\t\t\t<\/div>\n\t\t<div class=\"elementor-element elementor-element-f134aac e-con-full hero_nosto e-flex e-con e-child\" data-id=\"f134aac\" data-element_type=\"container\" data-e-type=\"container\" data-settings=\"{&quot;jet_parallax_layout_list&quot;:[]}\">\n\t\t<div class=\"elementor-element elementor-element-9a2da97 e-con-full e-flex e-con e-child\" data-id=\"9a2da97\" data-element_type=\"container\" data-e-type=\"container\" data-settings=\"{&quot;jet_parallax_layout_list&quot;:[]}\">\n\t\t\t\t<div class=\"elementor-element elementor-element-a0742ad elementor-widget elementor-widget-image\" data-id=\"a0742ad\" data-element_type=\"widget\" data-e-type=\"widget\" data-widget_type=\"image.default\">\n\t\t\t\t<div class=\"elementor-widget-container\">\n\t\t\t\t\t\t\t\t\t\t\t\t\t\t\t<img decoding=\"async\" width=\"440\" height=\"440\" src=\"https:\/\/ellego.fi\/wp-content\/uploads\/2025\/09\/ELLEGO-Marine-icons_black@4x.png\" class=\"attachment-large size-large wp-image-3315\" alt=\"\" srcset=\"https:\/\/ellego.fi\/wp-content\/uploads\/2025\/09\/ELLEGO-Marine-icons_black@4x.png 440w, https:\/\/ellego.fi\/wp-content\/uploads\/2025\/09\/ELLEGO-Marine-icons_black@4x-300x300.png 300w, https:\/\/ellego.fi\/wp-content\/uploads\/2025\/09\/ELLEGO-Marine-icons_black@4x-150x150.png 150w\" sizes=\"(max-width: 440px) 100vw, 440px\" \/>\t\t\t\t\t\t\t\t\t\t\t\t\t\t\t<\/div>\n\t\t\t\t<\/div>\n\t\t\t\t<div class=\"elementor-element elementor-element-2e91d18 elementor-widget elementor-widget-heading\" data-id=\"2e91d18\" data-element_type=\"widget\" data-e-type=\"widget\" data-widget_type=\"heading.default\">\n\t\t\t\t<div class=\"elementor-widget-container\">\n\t\t\t\t\t<h4 class=\"elementor-heading-title elementor-size-default\">Laivateollisuus<\/h4>\t\t\t\t<\/div>\n\t\t\t\t<\/div>\n\t\t\t\t<div class=\"elementor-element elementor-element-d247f21 elementor-widget elementor-widget-text-editor\" data-id=\"d247f21\" data-element_type=\"widget\" data-e-type=\"widget\" data-widget_type=\"text-editor.default\">\n\t\t\t\t<div class=\"elementor-widget-container\">\n\t\t\t\t\t\t\t\t\t<p>Laivoissa s\u00e4hk\u00f6nsy\u00f6t\u00f6n luotettavuus on elint\u00e4rke\u00e4\u00e4 niin aluksen suojausj\u00e4rjestelmien, ohjausj\u00e4rjestelmien, h\u00e4t\u00e4valojen kuin turvatekniikan osalta.<\/p>\t\t\t\t\t\t\t\t<\/div>\n\t\t\t\t<\/div>\n\t\t\t\t<\/div>\n\t\t\t\t<div class=\"elementor-element elementor-element-0bcccbe elementor-mobile-align-right elementor-widget elementor-widget-button\" data-id=\"0bcccbe\" data-element_type=\"widget\" data-e-type=\"widget\" data-widget_type=\"button.default\">\n\t\t\t\t<div class=\"elementor-widget-container\">\n\t\t\t\t\t\t\t\t\t<div class=\"elementor-button-wrapper\">\n\t\t\t\t\t<a class=\"elementor-button elementor-button-link elementor-size-sm elementor-animation-grow\" href=\"https:\/\/ellego.fi\/fi\/toimialat\/laivateollisuus\/\">\n\t\t\t\t\t\t<span class=\"elementor-button-content-wrapper\">\n\t\t\t\t\t\t<span class=\"elementor-button-icon\">\n\t\t\t\t<svg xmlns=\"http:\/\/www.w3.org\/2000\/svg\" width=\"34\" height=\"35\" viewBox=\"0 0 34 35\" fill=\"none\"><rect x=\"-0.000244141\" y=\"0.988892\" width=\"34\" height=\"34\" rx=\"17\" fill=\"#00AEEF\"><\/rect><path d=\"M18.4038 9.56446C18.4038 8.78784 17.7764 8.1604 16.9998 8.1604C16.2231 8.1604 15.5957 8.78784 15.5957 9.56446V16.5848H8.57539C7.79877 16.5848 7.17133 17.2122 7.17133 17.9888C7.17133 18.7655 7.79877 19.3929 8.57539 19.3929H15.5957V26.4132C15.5957 27.1898 16.2231 27.8173 16.9998 27.8173C17.7764 27.8173 18.4038 27.1898 18.4038 26.4132V19.3929H25.4241C26.2007 19.3929 26.8282 18.7655 26.8282 17.9888C26.8282 17.2122 26.2007 16.5848 25.4241 16.5848H18.4038V9.56446Z\" fill=\"white\"><\/path><\/svg>\t\t\t<\/span>\n\t\t\t\t\t\t\t\t\t<span class=\"elementor-button-text\">Lue lis\u00e4\u00e4<\/span>\n\t\t\t\t\t<\/span>\n\t\t\t\t\t<\/a>\n\t\t\t\t<\/div>\n\t\t\t\t\t\t\t\t<\/div>\n\t\t\t\t<\/div>\n\t\t\t\t<\/div>\n\t\t<div class=\"elementor-element elementor-element-fc9fb04 e-con-full hero_nosto e-flex e-con e-child\" data-id=\"fc9fb04\" data-element_type=\"container\" data-e-type=\"container\" data-settings=\"{&quot;jet_parallax_layout_list&quot;:[]}\">\n\t\t<div class=\"elementor-element elementor-element-ec79577 e-con-full e-flex e-con e-child\" data-id=\"ec79577\" data-element_type=\"container\" data-e-type=\"container\" data-settings=\"{&quot;jet_parallax_layout_list&quot;:[]}\">\n\t\t\t\t<div class=\"elementor-element elementor-element-390647d elementor-widget elementor-widget-image\" data-id=\"390647d\" data-element_type=\"widget\" data-e-type=\"widget\" data-widget_type=\"image.default\">\n\t\t\t\t<div class=\"elementor-widget-container\">\n\t\t\t\t\t\t\t\t\t\t\t\t\t\t\t<img loading=\"lazy\" decoding=\"async\" width=\"440\" height=\"440\" src=\"https:\/\/ellego.fi\/wp-content\/uploads\/2025\/09\/ELLEGO-Airport-icons_black@4x.png\" class=\"attachment-large size-large wp-image-3314\" alt=\"\" srcset=\"https:\/\/ellego.fi\/wp-content\/uploads\/2025\/09\/ELLEGO-Airport-icons_black@4x.png 440w, https:\/\/ellego.fi\/wp-content\/uploads\/2025\/09\/ELLEGO-Airport-icons_black@4x-300x300.png 300w, https:\/\/ellego.fi\/wp-content\/uploads\/2025\/09\/ELLEGO-Airport-icons_black@4x-150x150.png 150w\" sizes=\"(max-width: 440px) 100vw, 440px\" \/>\t\t\t\t\t\t\t\t\t\t\t\t\t\t\t<\/div>\n\t\t\t\t<\/div>\n\t\t\t\t<div class=\"elementor-element elementor-element-11d489c elementor-widget elementor-widget-heading\" data-id=\"11d489c\" data-element_type=\"widget\" data-e-type=\"widget\" data-widget_type=\"heading.default\">\n\t\t\t\t<div class=\"elementor-widget-container\">\n\t\t\t\t\t<h4 class=\"elementor-heading-title elementor-size-default\">Lentokent\u00e4t (AGL)<\/h4>\t\t\t\t<\/div>\n\t\t\t\t<\/div>\n\t\t\t\t<div class=\"elementor-element elementor-element-7ff6fb2 elementor-widget elementor-widget-text-editor\" data-id=\"7ff6fb2\" data-element_type=\"widget\" data-e-type=\"widget\" data-widget_type=\"text-editor.default\">\n\t\t\t\t<div class=\"elementor-widget-container\">\n\t\t\t\t\t\t\t\t\t<p>ELLEGOn ajuriton LED-valaisuratkaisu mahdollistaa hy\u00f6tysuhteeltaan korkean lentokentt\u00e4valaisun alhaisin k\u00e4ytt\u00f6kustannuksin.<\/p>\t\t\t\t\t\t\t\t<\/div>\n\t\t\t\t<\/div>\n\t\t\t\t<\/div>\n\t\t\t\t<div class=\"elementor-element elementor-element-045b1ed elementor-mobile-align-right elementor-widget elementor-widget-button\" data-id=\"045b1ed\" data-element_type=\"widget\" data-e-type=\"widget\" data-widget_type=\"button.default\">\n\t\t\t\t<div class=\"elementor-widget-container\">\n\t\t\t\t\t\t\t\t\t<div class=\"elementor-button-wrapper\">\n\t\t\t\t\t<a class=\"elementor-button elementor-button-link elementor-size-sm elementor-animation-grow\" href=\"https:\/\/ellego.fi\/industries\/agl\/\">\n\t\t\t\t\t\t<span class=\"elementor-button-content-wrapper\">\n\t\t\t\t\t\t<span class=\"elementor-button-icon\">\n\t\t\t\t<svg xmlns=\"http:\/\/www.w3.org\/2000\/svg\" width=\"34\" height=\"35\" viewBox=\"0 0 34 35\" fill=\"none\"><rect x=\"-0.000244141\" y=\"0.988892\" width=\"34\" height=\"34\" rx=\"17\" fill=\"#00AEEF\"><\/rect><path d=\"M18.4038 9.56446C18.4038 8.78784 17.7764 8.1604 16.9998 8.1604C16.2231 8.1604 15.5957 8.78784 15.5957 9.56446V16.5848H8.57539C7.79877 16.5848 7.17133 17.2122 7.17133 17.9888C7.17133 18.7655 7.79877 19.3929 8.57539 19.3929H15.5957V26.4132C15.5957 27.1898 16.2231 27.8173 16.9998 27.8173C17.7764 27.8173 18.4038 27.1898 18.4038 26.4132V19.3929H25.4241C26.2007 19.3929 26.8282 18.7655 26.8282 17.9888C26.8282 17.2122 26.2007 16.5848 25.4241 16.5848H18.4038V9.56446Z\" fill=\"white\"><\/path><\/svg>\t\t\t<\/span>\n\t\t\t\t\t\t\t\t\t<span class=\"elementor-button-text\">Lue lis\u00e4\u00e4<\/span>\n\t\t\t\t\t<\/span>\n\t\t\t\t\t<\/a>\n\t\t\t\t<\/div>\n\t\t\t\t\t\t\t\t<\/div>\n\t\t\t\t<\/div>\n\t\t\t\t<\/div>\n\t\t<div class=\"elementor-element elementor-element-daf9738 e-con-full hero_nosto e-flex e-con e-child\" data-id=\"daf9738\" data-element_type=\"container\" data-e-type=\"container\" data-settings=\"{&quot;jet_parallax_layout_list&quot;:[]}\">\n\t\t<div class=\"elementor-element elementor-element-8d25243 e-con-full e-flex e-con e-child\" data-id=\"8d25243\" data-element_type=\"container\" data-e-type=\"container\" data-settings=\"{&quot;jet_parallax_layout_list&quot;:[]}\">\n\t\t\t\t<div class=\"elementor-element elementor-element-78892e6 elementor-widget elementor-widget-image\" data-id=\"78892e6\" data-element_type=\"widget\" data-e-type=\"widget\" data-widget_type=\"image.default\">\n\t\t\t\t<div class=\"elementor-widget-container\">\n\t\t\t\t\t\t\t\t\t\t\t\t\t\t\t<img loading=\"lazy\" decoding=\"async\" width=\"440\" height=\"440\" src=\"https:\/\/ellego.fi\/wp-content\/uploads\/2025\/09\/ELLEGO-Sopimus-icon-black@4x.png\" class=\"attachment-large size-large wp-image-3316\" alt=\"\" srcset=\"https:\/\/ellego.fi\/wp-content\/uploads\/2025\/09\/ELLEGO-Sopimus-icon-black@4x.png 440w, https:\/\/ellego.fi\/wp-content\/uploads\/2025\/09\/ELLEGO-Sopimus-icon-black@4x-300x300.png 300w, https:\/\/ellego.fi\/wp-content\/uploads\/2025\/09\/ELLEGO-Sopimus-icon-black@4x-150x150.png 150w\" sizes=\"(max-width: 440px) 100vw, 440px\" \/>\t\t\t\t\t\t\t\t\t\t\t\t\t\t\t<\/div>\n\t\t\t\t<\/div>\n\t\t\t\t<div class=\"elementor-element elementor-element-5817758 elementor-widget elementor-widget-heading\" data-id=\"5817758\" data-element_type=\"widget\" data-e-type=\"widget\" data-widget_type=\"heading.default\">\n\t\t\t\t<div class=\"elementor-widget-container\">\n\t\t\t\t\t<h4 class=\"elementor-heading-title elementor-size-default\">Sopimusvalmistus<\/h4>\t\t\t\t<\/div>\n\t\t\t\t<\/div>\n\t\t\t\t<div class=\"elementor-element elementor-element-4ec35f9 elementor-widget elementor-widget-text-editor\" data-id=\"4ec35f9\" data-element_type=\"widget\" data-e-type=\"widget\" data-widget_type=\"text-editor.default\">\n\t\t\t\t<div class=\"elementor-widget-container\">\n\t\t\t\t\t\t\t\t\t<p>ELLEGO\u2122 tarjoaa joustavia, korkealaatuisia ja vastuullisia sopimusvalmistuspalveluja.<\/p>\t\t\t\t\t\t\t\t<\/div>\n\t\t\t\t<\/div>\n\t\t\t\t<\/div>\n\t\t\t\t<div class=\"elementor-element elementor-element-4beb3ab elementor-mobile-align-right elementor-widget elementor-widget-button\" data-id=\"4beb3ab\" data-element_type=\"widget\" data-e-type=\"widget\" data-widget_type=\"button.default\">\n\t\t\t\t<div class=\"elementor-widget-container\">\n\t\t\t\t\t\t\t\t\t<div class=\"elementor-button-wrapper\">\n\t\t\t\t\t<a class=\"elementor-button elementor-button-link elementor-size-sm elementor-animation-grow\" href=\"https:\/\/ellego.fi\/fi\/toimialat\/sopimusvalmistus\/\">\n\t\t\t\t\t\t<span class=\"elementor-button-content-wrapper\">\n\t\t\t\t\t\t<span class=\"elementor-button-icon\">\n\t\t\t\t<svg xmlns=\"http:\/\/www.w3.org\/2000\/svg\" width=\"34\" height=\"35\" viewBox=\"0 0 34 35\" fill=\"none\"><rect x=\"-0.000244141\" y=\"0.988892\" width=\"34\" height=\"34\" rx=\"17\" fill=\"#00AEEF\"><\/rect><path d=\"M18.4038 9.56446C18.4038 8.78784 17.7764 8.1604 16.9998 8.1604C16.2231 8.1604 15.5957 8.78784 15.5957 9.56446V16.5848H8.57539C7.79877 16.5848 7.17133 17.2122 7.17133 17.9888C7.17133 18.7655 7.79877 19.3929 8.57539 19.3929H15.5957V26.4132C15.5957 27.1898 16.2231 27.8173 16.9998 27.8173C17.7764 27.8173 18.4038 27.1898 18.4038 26.4132V19.3929H25.4241C26.2007 19.3929 26.8282 18.7655 26.8282 17.9888C26.8282 17.2122 26.2007 16.5848 25.4241 16.5848H18.4038V9.56446Z\" fill=\"white\"><\/path><\/svg>\t\t\t<\/span>\n\t\t\t\t\t\t\t\t\t<span class=\"elementor-button-text\">Lue lis\u00e4\u00e4<\/span>\n\t\t\t\t\t<\/span>\n\t\t\t\t\t<\/a>\n\t\t\t\t<\/div>\n\t\t\t\t\t\t\t\t<\/div>\n\t\t\t\t<\/div>\n\t\t\t\t<\/div>\n\t\t\t\t<\/div>\n\t\t\t\t\t<\/div>\n\t\t\t\t<\/div>\n\t\t\t\t<\/div>\n\t\t","protected":false},"excerpt":{"rendered":"<p>Toimialat Energian tuotanto ja jakelu Energiantuotannon ja s\u00e4hk\u00f6verkon vaatimuksena on jatkuva ja h\u00e4iri\u00f6t\u00f6n s\u00e4hk\u00f6nsy\u00f6tt\u00f6 my\u00f6s poikkeustilanteissa. Lue lis\u00e4\u00e4 Teollisuus Varmista keskeytym\u00e4t\u00f6n s\u00e4hk\u00f6nsy\u00f6tt\u00f6 tuotantoprosesseillesi ELLEGOn laadukkailla tasasuuntaajilla ja tehol\u00e4hteill\u00e4. Lue lis\u00e4\u00e4 Laivateollisuus Laivoissa s\u00e4hk\u00f6nsy\u00f6t\u00f6n luotettavuus on elint\u00e4rke\u00e4\u00e4 niin aluksen suojausj\u00e4rjestelmien, ohjausj\u00e4rjestelmien, h\u00e4t\u00e4valojen kuin turvatekniikan osalta. Lue lis\u00e4\u00e4 Lentokent\u00e4t (AGL) ELLEGOn ajuriton LED-valaisuratkaisu mahdollistaa hy\u00f6tysuhteeltaan korkean lentokentt\u00e4valaisun [&hellip;]<\/p>\n","protected":false},"author":1,"featured_media":0,"parent":0,"menu_order":0,"comment_status":"closed","ping_status":"closed","template":"","meta":{"footnotes":""},"class_list":["post-3511","page","type-page","status-publish","hentry"],"_links":{"self":[{"href":"https:\/\/ellego.fi\/fi\/wp-json\/wp\/v2\/pages\/3511","targetHints":{"allow":["GET"]}}],"collection":[{"href":"https:\/\/ellego.fi\/fi\/wp-json\/wp\/v2\/pages"}],"about":[{"href":"https:\/\/ellego.fi\/fi\/wp-json\/wp\/v2\/types\/page"}],"author":[{"embeddable":true,"href":"https:\/\/ellego.fi\/fi\/wp-json\/wp\/v2\/users\/1"}],"replies":[{"embeddable":true,"href":"https:\/\/ellego.fi\/fi\/wp-json\/wp\/v2\/comments?post=3511"}],"version-history":[{"count":6,"href":"https:\/\/ellego.fi\/fi\/wp-json\/wp\/v2\/pages\/3511\/revisions"}],"predecessor-version":[{"id":3543,"href":"https:\/\/ellego.fi\/fi\/wp-json\/wp\/v2\/pages\/3511\/revisions\/3543"}],"wp:attachment":[{"href":"https:\/\/ellego.fi\/fi\/wp-json\/wp\/v2\/media?parent=3511"}],"curies":[{"name":"wp","href":"https:\/\/api.w.org\/{rel}","templated":true}]}}