{"id":3412,"date":"2025-09-22T09:44:48","date_gmt":"2025-09-22T06:44:48","guid":{"rendered":"https:\/\/ellego.fi\/palvelut\/kayttoonotto\/"},"modified":"2026-02-05T14:34:32","modified_gmt":"2026-02-05T12:34:32","slug":"kayttoonotto","status":"publish","type":"page","link":"https:\/\/ellego.fi\/fi\/palvelut\/kayttoonotto\/","title":{"rendered":"K\u00e4ytt\u00f6\u00f6notto"},"content":{"rendered":"\t\t<div data-elementor-type=\"wp-page\" data-elementor-id=\"3412\" class=\"elementor elementor-3412 elementor-1742\" data-elementor-post-type=\"page\">\n\t\t\t\t<div class=\"elementor-element elementor-element-07fcedc e-flex e-con-boxed e-con e-parent\" data-id=\"07fcedc\" data-element_type=\"container\" data-e-type=\"container\" data-settings=\"{&quot;background_background&quot;:&quot;classic&quot;,&quot;jet_parallax_layout_list&quot;:[]}\">\n\t\t\t\t\t<div class=\"e-con-inner\">\n\t\t\t\t<div class=\"elementor-element elementor-element-06bf667 elementor-widget elementor-widget-heading\" data-id=\"06bf667\" data-element_type=\"widget\" data-e-type=\"widget\" data-widget_type=\"heading.default\">\n\t\t\t\t<div class=\"elementor-widget-container\">\n\t\t\t\t\t<h1 class=\"elementor-heading-title elementor-size-default\">K\u00e4ytt\u00f6\u00f6notto<\/h1>\t\t\t\t<\/div>\n\t\t\t\t<\/div>\n\t\t\t\t\t<\/div>\n\t\t\t\t<\/div>\n\t\t<div class=\"elementor-element elementor-element-f7f57e8 e-flex e-con-boxed e-con e-parent\" data-id=\"f7f57e8\" data-element_type=\"container\" data-e-type=\"container\" data-settings=\"{&quot;jet_parallax_layout_list&quot;:[],&quot;background_background&quot;:&quot;classic&quot;}\">\n\t\t\t\t\t<div class=\"e-con-inner\">\n\t\t<div class=\"elementor-element elementor-element-b7797ff e-con-full hero_nosto e-flex e-con e-child\" data-id=\"b7797ff\" data-element_type=\"container\" data-e-type=\"container\" data-settings=\"{&quot;jet_parallax_layout_list&quot;:[]}\">\n\t\t\t\t<div class=\"elementor-element elementor-element-d72e182 elementor-widget elementor-widget-heading\" data-id=\"d72e182\" data-element_type=\"widget\" data-e-type=\"widget\" data-widget_type=\"heading.default\">\n\t\t\t\t<div class=\"elementor-widget-container\">\n\t\t\t\t\t<h2 class=\"elementor-heading-title elementor-size-default\">Varmista j\u00e4rjestelm\u00e4n elinkaaren sujuva alku tilaamalla ammattimainen k\u00e4ytt\u00f6\u00f6notto ELLEGOlta.<\/h2>\t\t\t\t<\/div>\n\t\t\t\t<\/div>\n\t\t\t\t<div class=\"elementor-element elementor-element-7cde0a1 elementor-widget elementor-widget-text-editor\" data-id=\"7cde0a1\" data-element_type=\"widget\" data-e-type=\"widget\" data-widget_type=\"text-editor.default\">\n\t\t\t\t<div class=\"elementor-widget-container\">\n\t\t\t\t\t\t\t\t\t<p><span style=\"font-weight: 400;\">J\u00e4rjestelm\u00e4n onnistunut k\u00e4ytt\u00f6\u00f6notto on keskeinen osa laitteiden pitk\u00e4\u00e4 ja h\u00e4iri\u00f6t\u00f6nt\u00e4 k\u00e4ytt\u00f6\u00e4. ELLEGOn asiantunteva tiimi huolehtii, ett\u00e4 kaikki toimitetut j\u00e4rjestelm\u00e4t otetaan k\u00e4ytt\u00f6\u00f6n turvallisesti, tehokkaasti ja oikein konfiguroituna. <\/span><\/p><p><span style=\"font-weight: 400;\"><br><\/span><\/p><p><span style=\"font-weight: 400;\"><br><\/span><\/p>\n<p><span style=\"font-weight: 400;\"><br><br>K\u00e4ytt\u00f6\u00f6nottoon sis\u00e4ltyy laitteiston asennuksen tarkistus, j\u00e4rjestelm\u00e4n toiminnallinen testaus, dokumentaatioiden l\u00e4pik\u00e4ynti sek\u00e4 loppuk\u00e4ytt\u00e4jien opastus. Tarvittaessa tarjoamme koulutusta j\u00e4rjestelm\u00e4n hallintaan ja yll\u00e4pitoon. Hyvin suunniteltu ja toteutettu k\u00e4ytt\u00f6\u00f6notto varmistaa, ett\u00e4 j\u00e4rjestelm\u00e4si toimii alusta alkaen suunnitellusti.  <\/span><\/p>\t\t\t\t\t\t\t\t<\/div>\n\t\t\t\t<\/div>\n\t\t\t\t<\/div>\n\t\t<div class=\"elementor-element elementor-element-9404c7f e-con-full hero_nosto e-flex e-con e-child\" data-id=\"9404c7f\" data-element_type=\"container\" data-e-type=\"container\" data-settings=\"{&quot;jet_parallax_layout_list&quot;:[]}\">\n\t\t\t\t<div class=\"elementor-element elementor-element-3792959 elementor-widget elementor-widget-image\" data-id=\"3792959\" data-element_type=\"widget\" data-e-type=\"widget\" data-widget_type=\"image.default\">\n\t\t\t\t<div class=\"elementor-widget-container\">\n\t\t\t\t\t\t\t\t\t\t\t\t\t\t\t<img fetchpriority=\"high\" decoding=\"async\" width=\"800\" height=\"942\" src=\"https:\/\/ellego.fi\/wp-content\/uploads\/2025\/09\/ELLEGO_EVV_Halikko_production_tuotanto_sahkoasentaja-870x1024.jpg\" class=\"attachment-large size-large wp-image-3411\" alt=\"\" srcset=\"https:\/\/ellego.fi\/wp-content\/uploads\/2025\/09\/ELLEGO_EVV_Halikko_production_tuotanto_sahkoasentaja-870x1024.jpg 870w, https:\/\/ellego.fi\/wp-content\/uploads\/2025\/09\/ELLEGO_EVV_Halikko_production_tuotanto_sahkoasentaja-255x300.jpg 255w, https:\/\/ellego.fi\/wp-content\/uploads\/2025\/09\/ELLEGO_EVV_Halikko_production_tuotanto_sahkoasentaja-768x904.jpg 768w, https:\/\/ellego.fi\/wp-content\/uploads\/2025\/09\/ELLEGO_EVV_Halikko_production_tuotanto_sahkoasentaja-1305x1536.jpg 1305w, https:\/\/ellego.fi\/wp-content\/uploads\/2025\/09\/ELLEGO_EVV_Halikko_production_tuotanto_sahkoasentaja-1739x2048.jpg 1739w\" sizes=\"(max-width: 800px) 100vw, 800px\" \/>\t\t\t\t\t\t\t\t\t\t\t\t\t\t\t<\/div>\n\t\t\t\t<\/div>\n\t\t\t\t<\/div>\n\t\t\t\t\t<\/div>\n\t\t\t\t<\/div>\n\t\t<div class=\"elementor-element elementor-element-104ce82 e-flex e-con-boxed e-con e-parent\" data-id=\"104ce82\" data-element_type=\"container\" data-e-type=\"container\" data-settings=\"{&quot;background_background&quot;:&quot;classic&quot;,&quot;jet_parallax_layout_list&quot;:[]}\">\n\t\t\t\t\t<div class=\"e-con-inner\">\n\t\t<div class=\"elementor-element elementor-element-9132065 e-con-full e-flex e-con e-child\" data-id=\"9132065\" data-element_type=\"container\" data-e-type=\"container\" data-settings=\"{&quot;jet_parallax_layout_list&quot;:[],&quot;animation&quot;:&quot;none&quot;}\">\n\t\t\t\t<div class=\"elementor-element elementor-element-b396aa6 elementor-invisible elementor-widget elementor-widget-heading\" data-id=\"b396aa6\" data-element_type=\"widget\" data-e-type=\"widget\" data-settings=\"{&quot;_animation&quot;:&quot;fadeInUp&quot;}\" data-widget_type=\"heading.default\">\n\t\t\t\t<div class=\"elementor-widget-container\">\n\t\t\t\t\t<h3 class=\"elementor-heading-title elementor-size-default\"><b>Asiantunteva, huolellinen ja yhteisty\u00f6ss\u00e4 loppuk\u00e4ytt\u00e4j\u00e4n kanssa<\/b><\/h3>\t\t\t\t<\/div>\n\t\t\t\t<\/div>\n\t\t\t\t<\/div>\n\t\t\t\t\t<\/div>\n\t\t\t\t<\/div>\n\t\t<div class=\"elementor-element elementor-element-7a9ea30 e-flex e-con-boxed e-con e-parent\" data-id=\"7a9ea30\" data-element_type=\"container\" data-e-type=\"container\" data-settings=\"{&quot;jet_parallax_layout_list&quot;:[],&quot;background_background&quot;:&quot;classic&quot;}\">\n\t\t\t\t\t<div class=\"e-con-inner\">\n\t\t<div class=\"elementor-element elementor-element-e235765 e-con-full e-flex e-con e-child\" data-id=\"e235765\" data-element_type=\"container\" data-e-type=\"container\" data-settings=\"{&quot;jet_parallax_layout_list&quot;:[],&quot;animation&quot;:&quot;none&quot;}\">\n\t\t\t\t<div class=\"elementor-element elementor-element-e9112ae elementor-widget elementor-widget-heading\" data-id=\"e9112ae\" data-element_type=\"widget\" data-e-type=\"widget\" data-widget_type=\"heading.default\">\n\t\t\t\t<div class=\"elementor-widget-container\">\n\t\t\t\t\t<h4 class=\"elementor-heading-title elementor-size-default\"><b>Kysy lis\u00e4\u00e4 k\u00e4ytt\u00f6\u00f6nottopalveluistamme:<\/b><\/h4>\t\t\t\t<\/div>\n\t\t\t\t<\/div>\n\t\t\t\t<div class=\"elementor-element elementor-element-ce34a72 elementor-align-center elementor-icon-list--layout-traditional elementor-list-item-link-full_width elementor-widget elementor-widget-icon-list\" data-id=\"ce34a72\" data-element_type=\"widget\" data-e-type=\"widget\" data-widget_type=\"icon-list.default\">\n\t\t\t\t<div class=\"elementor-widget-container\">\n\t\t\t\t\t\t\t<ul class=\"elementor-icon-list-items\">\n\t\t\t\t\t\t\t<li class=\"elementor-icon-list-item\">\n\t\t\t\t\t\t\t\t\t\t\t<a href=\"mailto:sales@ellego.fi\">\n\n\t\t\t\t\t\t\t\t\t\t\t\t<span class=\"elementor-icon-list-icon\">\n\t\t\t\t\t\t\t<i aria-hidden=\"true\" class=\"fas fa-envelope\"><\/i>\t\t\t\t\t\t<\/span>\n\t\t\t\t\t\t\t\t\t\t<span class=\"elementor-icon-list-text\">sales@ellego.fi<\/span>\n\t\t\t\t\t\t\t\t\t\t\t<\/a>\n\t\t\t\t\t\t\t\t\t<\/li>\n\t\t\t\t\t\t<\/ul>\n\t\t\t\t\t\t<\/div>\n\t\t\t\t<\/div>\n\t\t\t\t<\/div>\n\t\t\t\t\t<\/div>\n\t\t\t\t<\/div>\n\t\t\t\t<\/div>\n\t\t","protected":false},"excerpt":{"rendered":"<p>K\u00e4ytt\u00f6\u00f6notto Varmista j\u00e4rjestelm\u00e4n elinkaaren sujuva alku tilaamalla ammattimainen k\u00e4ytt\u00f6\u00f6notto ELLEGOlta. J\u00e4rjestelm\u00e4n onnistunut k\u00e4ytt\u00f6\u00f6notto on keskeinen osa laitteiden pitk\u00e4\u00e4 ja h\u00e4iri\u00f6t\u00f6nt\u00e4 k\u00e4ytt\u00f6\u00e4. ELLEGOn asiantunteva tiimi huolehtii, ett\u00e4 kaikki toimitetut j\u00e4rjestelm\u00e4t otetaan k\u00e4ytt\u00f6\u00f6n turvallisesti, tehokkaasti ja oikein konfiguroituna. K\u00e4ytt\u00f6\u00f6nottoon sis\u00e4ltyy laitteiston asennuksen tarkistus, j\u00e4rjestelm\u00e4n toiminnallinen testaus, dokumentaatioiden l\u00e4pik\u00e4ynti sek\u00e4 loppuk\u00e4ytt\u00e4jien opastus. Tarvittaessa tarjoamme koulutusta j\u00e4rjestelm\u00e4n hallintaan ja [&hellip;]<\/p>\n","protected":false},"author":1,"featured_media":0,"parent":3395,"menu_order":0,"comment_status":"closed","ping_status":"closed","template":"","meta":{"footnotes":""},"class_list":["post-3412","page","type-page","status-publish","hentry"],"_links":{"self":[{"href":"https:\/\/ellego.fi\/fi\/wp-json\/wp\/v2\/pages\/3412","targetHints":{"allow":["GET"]}}],"collection":[{"href":"https:\/\/ellego.fi\/fi\/wp-json\/wp\/v2\/pages"}],"about":[{"href":"https:\/\/ellego.fi\/fi\/wp-json\/wp\/v2\/types\/page"}],"author":[{"embeddable":true,"href":"https:\/\/ellego.fi\/fi\/wp-json\/wp\/v2\/users\/1"}],"replies":[{"embeddable":true,"href":"https:\/\/ellego.fi\/fi\/wp-json\/wp\/v2\/comments?post=3412"}],"version-history":[{"count":8,"href":"https:\/\/ellego.fi\/fi\/wp-json\/wp\/v2\/pages\/3412\/revisions"}],"predecessor-version":[{"id":3970,"href":"https:\/\/ellego.fi\/fi\/wp-json\/wp\/v2\/pages\/3412\/revisions\/3970"}],"up":[{"embeddable":true,"href":"https:\/\/ellego.fi\/fi\/wp-json\/wp\/v2\/pages\/3395"}],"wp:attachment":[{"href":"https:\/\/ellego.fi\/fi\/wp-json\/wp\/v2\/media?parent=3412"}],"curies":[{"name":"wp","href":"https:\/\/api.w.org\/{rel}","templated":true}]}}