{"id":3407,"date":"2025-09-22T09:50:48","date_gmt":"2025-09-22T06:50:48","guid":{"rendered":"https:\/\/ellego.fi\/palvelut\/huolto\/"},"modified":"2026-02-05T14:32:02","modified_gmt":"2026-02-05T12:32:02","slug":"huolto","status":"publish","type":"page","link":"https:\/\/ellego.fi\/fi\/palvelut\/huolto\/","title":{"rendered":"Huolto"},"content":{"rendered":"\t\t<div data-elementor-type=\"wp-page\" data-elementor-id=\"3407\" class=\"elementor elementor-3407 elementor-1755\" data-elementor-post-type=\"page\">\n\t\t\t\t<div class=\"elementor-element elementor-element-07fcedc e-flex e-con-boxed e-con e-parent\" data-id=\"07fcedc\" data-element_type=\"container\" data-e-type=\"container\" data-settings=\"{&quot;background_background&quot;:&quot;classic&quot;,&quot;jet_parallax_layout_list&quot;:[]}\">\n\t\t\t\t\t<div class=\"e-con-inner\">\n\t\t\t\t<div class=\"elementor-element elementor-element-06bf667 elementor-widget elementor-widget-heading\" data-id=\"06bf667\" data-element_type=\"widget\" data-e-type=\"widget\" data-widget_type=\"heading.default\">\n\t\t\t\t<div class=\"elementor-widget-container\">\n\t\t\t\t\t<h1 class=\"elementor-heading-title elementor-size-default\">Huolto<\/h1>\t\t\t\t<\/div>\n\t\t\t\t<\/div>\n\t\t\t\t\t<\/div>\n\t\t\t\t<\/div>\n\t\t<div class=\"elementor-element elementor-element-bf984dd e-flex e-con-boxed e-con e-parent\" data-id=\"bf984dd\" data-element_type=\"container\" data-e-type=\"container\" data-settings=\"{&quot;jet_parallax_layout_list&quot;:[],&quot;background_background&quot;:&quot;classic&quot;}\">\n\t\t\t\t\t<div class=\"e-con-inner\">\n\t\t<div class=\"elementor-element elementor-element-182a406 e-con-full e-flex e-con e-child\" data-id=\"182a406\" data-element_type=\"container\" data-e-type=\"container\" data-settings=\"{&quot;jet_parallax_layout_list&quot;:[],&quot;animation&quot;:&quot;none&quot;}\">\n\t\t\t\t<div class=\"elementor-element elementor-element-d72e182 elementor-widget elementor-widget-heading\" data-id=\"d72e182\" data-element_type=\"widget\" data-e-type=\"widget\" data-widget_type=\"heading.default\">\n\t\t\t\t<div class=\"elementor-widget-container\">\n\t\t\t\t\t<h2 class=\"elementor-heading-title elementor-size-default\">Huoltopalvelut koko laitteen elinkaaren ajan<\/h2>\t\t\t\t<\/div>\n\t\t\t\t<\/div>\n\t\t\t\t<\/div>\n\t\t\t\t\t<\/div>\n\t\t\t\t<\/div>\n\t\t<div class=\"elementor-element elementor-element-711022c e-flex e-con-boxed e-con e-parent\" data-id=\"711022c\" data-element_type=\"container\" data-e-type=\"container\" data-settings=\"{&quot;jet_parallax_layout_list&quot;:[],&quot;background_background&quot;:&quot;classic&quot;}\">\n\t\t\t\t\t<div class=\"e-con-inner\">\n\t\t<div class=\"elementor-element elementor-element-03db7de e-con-full hero_nosto e-flex e-con e-child\" data-id=\"03db7de\" data-element_type=\"container\" data-e-type=\"container\" data-settings=\"{&quot;jet_parallax_layout_list&quot;:[]}\">\n\t\t\t\t<div class=\"elementor-element elementor-element-7cde0a1 elementor-widget elementor-widget-text-editor\" data-id=\"7cde0a1\" data-element_type=\"widget\" data-e-type=\"widget\" data-widget_type=\"text-editor.default\">\n\t\t\t\t<div class=\"elementor-widget-container\">\n\t\t\t\t\t\t\t\t\t<p><span style=\"font-weight: 400;\">ELLEGO\u2122<\/span> <span style=\"font-weight: 400;\">on enemm\u00e4n kuin laitetoimittaja. Olemme asiantunteva ja sitoutunut kumppani, joka tukee asiakkaitaan j\u00e4rjestelm\u00e4n koko elinkaaren ajan. Me huolehdimme siit\u00e4, ett\u00e4 kriittiset tehoelektroniikkaj\u00e4rjestelm\u00e4t pysyv\u00e4t toimintakuntoisina, tehokkaina ja turvallisina vuodesta toiseen.  <\/span><\/p>\t\t\t\t\t\t\t\t<\/div>\n\t\t\t\t<\/div>\n\t\t\t\t<\/div>\n\t\t\t\t\t<\/div>\n\t\t\t\t<\/div>\n\t\t<div class=\"elementor-element elementor-element-f7f57e8 e-flex e-con-boxed e-con e-parent\" data-id=\"f7f57e8\" data-element_type=\"container\" data-e-type=\"container\" data-settings=\"{&quot;jet_parallax_layout_list&quot;:[],&quot;background_background&quot;:&quot;classic&quot;}\">\n\t\t\t\t\t<div class=\"e-con-inner\">\n\t\t<div class=\"elementor-element elementor-element-b7797ff e-con-full hero_nosto e-flex e-con e-child\" data-id=\"b7797ff\" data-element_type=\"container\" data-e-type=\"container\" data-settings=\"{&quot;jet_parallax_layout_list&quot;:[]}\">\n\t\t\t\t<div class=\"elementor-element elementor-element-5e2acb7 elementor-widget elementor-widget-heading\" data-id=\"5e2acb7\" data-element_type=\"widget\" data-e-type=\"widget\" data-widget_type=\"heading.default\">\n\t\t\t\t<div class=\"elementor-widget-container\">\n\t\t\t\t\t<h3 class=\"elementor-heading-title elementor-size-default\">Tarjoamme kattavasti:<\/h3>\t\t\t\t<\/div>\n\t\t\t\t<\/div>\n\t\t\t\t<div class=\"elementor-element elementor-element-8fe8519 elementor-widget elementor-widget-text-editor\" data-id=\"8fe8519\" data-element_type=\"widget\" data-e-type=\"widget\" data-widget_type=\"text-editor.default\">\n\t\t\t\t<div class=\"elementor-widget-container\">\n\t\t\t\t\t\t\t\t\t<ul><li style=\"font-weight: 400;\" aria-level=\"1\"><span style=\"font-weight: 400;\">K\u00e4ytt\u00f6\u00f6notto- ja koulutuspalvelut<\/span><\/li><li style=\"font-weight: 400;\" aria-level=\"1\"><span style=\"font-weight: 400;\">Tekninen tuki ja et\u00e4neuvonta<\/span><\/li><li style=\"font-weight: 400;\" aria-level=\"1\"><span style=\"font-weight: 400;\">Ennakoivat huolto-ohjelmat, vuosihuollot ja -testaukset<\/span><\/li><li style=\"font-weight: 400;\" aria-level=\"1\"><span style=\"font-weight: 400;\">Yll\u00e4pitopalvelut<\/span><\/li><li style=\"font-weight: 400;\" aria-level=\"1\"><span style=\"font-weight: 400;\">Modernisoinnit<\/span><\/li><li style=\"font-weight: 400;\" aria-level=\"1\"><span style=\"font-weight: 400;\">Varaosatoimitukset<\/span><\/li><li style=\"font-weight: 400;\" aria-level=\"1\"><span style=\"font-weight: 400;\">Huoltosopimukset<\/span><\/li><li style=\"font-weight: 400;\" aria-level=\"1\"><span style=\"font-weight: 400;\">J\u00e4rjestelm\u00e4p\u00e4ivitykset<\/span><\/li><\/ul><p> <\/p><p><span style=\"font-weight: 400;\"><br><br>ELLEGOn kokenut huoltotiimi tuntee j\u00e4rjestelm\u00e4mme l\u00e4pikotaisin ja pystyy reagoimaan nopeasti mahdollisiin huoltotarpeisiin. Huolellisella yll\u00e4pidolla ja testauksella varmistamme pitk\u00e4n k\u00e4ytt\u00f6i\u00e4n, korkean toimintavarmuuden ja alhaiset elinkaarikustannukset. Tarkoituksena on pyrki\u00e4 ekologiseen ja kustannustehokkaaseen elinkaareen. <\/span><\/p>\t\t\t\t\t\t\t\t<\/div>\n\t\t\t\t<\/div>\n\t\t\t\t<\/div>\n\t\t<div class=\"elementor-element elementor-element-9404c7f e-con-full hero_nosto e-flex e-con e-child\" data-id=\"9404c7f\" data-element_type=\"container\" data-e-type=\"container\" data-settings=\"{&quot;jet_parallax_layout_list&quot;:[]}\">\n\t\t\t\t<div class=\"elementor-element elementor-element-3792959 elementor-widget elementor-widget-image\" data-id=\"3792959\" data-element_type=\"widget\" data-e-type=\"widget\" data-widget_type=\"image.default\">\n\t\t\t\t<div class=\"elementor-widget-container\">\n\t\t\t\t\t\t\t\t\t\t\t\t\t\t\t<img fetchpriority=\"high\" decoding=\"async\" width=\"800\" height=\"534\" src=\"https:\/\/ellego.fi\/wp-content\/uploads\/2025\/09\/ELLEGO_energy_transmission_energian-tuotanto_jakelu-1024x683.jpg\" class=\"attachment-large size-large wp-image-3406\" alt=\"\" srcset=\"https:\/\/ellego.fi\/wp-content\/uploads\/2025\/09\/ELLEGO_energy_transmission_energian-tuotanto_jakelu-1024x683.jpg 1024w, https:\/\/ellego.fi\/wp-content\/uploads\/2025\/09\/ELLEGO_energy_transmission_energian-tuotanto_jakelu-300x200.jpg 300w, https:\/\/ellego.fi\/wp-content\/uploads\/2025\/09\/ELLEGO_energy_transmission_energian-tuotanto_jakelu-768x512.jpg 768w, https:\/\/ellego.fi\/wp-content\/uploads\/2025\/09\/ELLEGO_energy_transmission_energian-tuotanto_jakelu-1536x1024.jpg 1536w, https:\/\/ellego.fi\/wp-content\/uploads\/2025\/09\/ELLEGO_energy_transmission_energian-tuotanto_jakelu-2048x1365.jpg 2048w\" sizes=\"(max-width: 800px) 100vw, 800px\" \/>\t\t\t\t\t\t\t\t\t\t\t\t\t\t\t<\/div>\n\t\t\t\t<\/div>\n\t\t\t\t<\/div>\n\t\t\t\t\t<\/div>\n\t\t\t\t<\/div>\n\t\t<div class=\"elementor-element elementor-element-104ce82 e-flex e-con-boxed e-con e-parent\" data-id=\"104ce82\" data-element_type=\"container\" data-e-type=\"container\" data-settings=\"{&quot;background_background&quot;:&quot;classic&quot;,&quot;jet_parallax_layout_list&quot;:[]}\">\n\t\t\t\t\t<div class=\"e-con-inner\">\n\t\t<div class=\"elementor-element elementor-element-9132065 e-con-full e-flex e-con e-child\" data-id=\"9132065\" data-element_type=\"container\" data-e-type=\"container\" data-settings=\"{&quot;jet_parallax_layout_list&quot;:[],&quot;animation&quot;:&quot;none&quot;}\">\n\t\t\t\t<div class=\"elementor-element elementor-element-b396aa6 elementor-invisible elementor-widget elementor-widget-heading\" data-id=\"b396aa6\" data-element_type=\"widget\" data-e-type=\"widget\" data-settings=\"{&quot;_animation&quot;:&quot;fadeInUp&quot;}\" data-widget_type=\"heading.default\">\n\t\t\t\t<div class=\"elementor-widget-container\">\n\t\t\t\t\t<h3 class=\"elementor-heading-title elementor-size-default\">ELLEGOn huolto varmistaa, ett\u00e4 j\u00e4rjestelm\u00e4si toimii t\u00e4n\u00e4\u00e4n ja huomenna.<\/h3>\t\t\t\t<\/div>\n\t\t\t\t<\/div>\n\t\t\t\t<\/div>\n\t\t\t\t\t<\/div>\n\t\t\t\t<\/div>\n\t\t<div class=\"elementor-element elementor-element-89679ed e-flex e-con-boxed e-con e-parent\" data-id=\"89679ed\" data-element_type=\"container\" data-e-type=\"container\" data-settings=\"{&quot;jet_parallax_layout_list&quot;:[],&quot;background_background&quot;:&quot;classic&quot;}\">\n\t\t\t\t\t<div class=\"e-con-inner\">\n\t\t<div class=\"elementor-element elementor-element-9c57395 e-con-full e-flex e-con e-child\" data-id=\"9c57395\" data-element_type=\"container\" data-e-type=\"container\" data-settings=\"{&quot;jet_parallax_layout_list&quot;:[],&quot;animation&quot;:&quot;none&quot;}\">\n\t\t\t\t<div class=\"elementor-element elementor-element-a4dc2d6 elementor-widget elementor-widget-heading\" data-id=\"a4dc2d6\" data-element_type=\"widget\" data-e-type=\"widget\" data-widget_type=\"heading.default\">\n\t\t\t\t<div class=\"elementor-widget-container\">\n\t\t\t\t\t<h4 class=\"elementor-heading-title elementor-size-default\">Tilaa huolto tai kysy lis\u00e4\u00e4 huoltopalveluistamme:<\/h4>\t\t\t\t<\/div>\n\t\t\t\t<\/div>\n\t\t\t\t<div class=\"elementor-element elementor-element-ce34a72 elementor-align-center elementor-icon-list--layout-traditional elementor-list-item-link-full_width elementor-widget elementor-widget-icon-list\" data-id=\"ce34a72\" data-element_type=\"widget\" data-e-type=\"widget\" data-widget_type=\"icon-list.default\">\n\t\t\t\t<div class=\"elementor-widget-container\">\n\t\t\t\t\t\t\t<ul class=\"elementor-icon-list-items\">\n\t\t\t\t\t\t\t<li class=\"elementor-icon-list-item\">\n\t\t\t\t\t\t\t\t\t\t\t<a href=\"mailto:service@ellego.fi\">\n\n\t\t\t\t\t\t\t\t\t\t\t\t<span class=\"elementor-icon-list-icon\">\n\t\t\t\t\t\t\t<i aria-hidden=\"true\" class=\"fas fa-envelope\"><\/i>\t\t\t\t\t\t<\/span>\n\t\t\t\t\t\t\t\t\t\t<span class=\"elementor-icon-list-text\">service@ellego.fi<\/span>\n\t\t\t\t\t\t\t\t\t\t\t<\/a>\n\t\t\t\t\t\t\t\t\t<\/li>\n\t\t\t\t\t\t<\/ul>\n\t\t\t\t\t\t<\/div>\n\t\t\t\t<\/div>\n\t\t\t\t<\/div>\n\t\t\t\t\t<\/div>\n\t\t\t\t<\/div>\n\t\t\t\t<\/div>\n\t\t","protected":false},"excerpt":{"rendered":"<p>Huolto Huoltopalvelut koko laitteen elinkaaren ajan ELLEGO\u2122 on enemm\u00e4n kuin laitetoimittaja. Olemme asiantunteva ja sitoutunut kumppani, joka tukee asiakkaitaan j\u00e4rjestelm\u00e4n koko elinkaaren ajan. Me huolehdimme siit\u00e4, ett\u00e4 kriittiset tehoelektroniikkaj\u00e4rjestelm\u00e4t pysyv\u00e4t toimintakuntoisina, tehokkaina ja turvallisina vuodesta toiseen. Tarjoamme kattavasti: K\u00e4ytt\u00f6\u00f6notto- ja koulutuspalvelut Tekninen tuki ja et\u00e4neuvonta Ennakoivat huolto-ohjelmat, vuosihuollot ja -testaukset Yll\u00e4pitopalvelut Modernisoinnit Varaosatoimitukset Huoltosopimukset J\u00e4rjestelm\u00e4p\u00e4ivitykset [&hellip;]<\/p>\n","protected":false},"author":1,"featured_media":0,"parent":3395,"menu_order":0,"comment_status":"closed","ping_status":"closed","template":"","meta":{"footnotes":""},"class_list":["post-3407","page","type-page","status-publish","hentry"],"_links":{"self":[{"href":"https:\/\/ellego.fi\/fi\/wp-json\/wp\/v2\/pages\/3407","targetHints":{"allow":["GET"]}}],"collection":[{"href":"https:\/\/ellego.fi\/fi\/wp-json\/wp\/v2\/pages"}],"about":[{"href":"https:\/\/ellego.fi\/fi\/wp-json\/wp\/v2\/types\/page"}],"author":[{"embeddable":true,"href":"https:\/\/ellego.fi\/fi\/wp-json\/wp\/v2\/users\/1"}],"replies":[{"embeddable":true,"href":"https:\/\/ellego.fi\/fi\/wp-json\/wp\/v2\/comments?post=3407"}],"version-history":[{"count":4,"href":"https:\/\/ellego.fi\/fi\/wp-json\/wp\/v2\/pages\/3407\/revisions"}],"predecessor-version":[{"id":3973,"href":"https:\/\/ellego.fi\/fi\/wp-json\/wp\/v2\/pages\/3407\/revisions\/3973"}],"up":[{"embeddable":true,"href":"https:\/\/ellego.fi\/fi\/wp-json\/wp\/v2\/pages\/3395"}],"wp:attachment":[{"href":"https:\/\/ellego.fi\/fi\/wp-json\/wp\/v2\/media?parent=3407"}],"curies":[{"name":"wp","href":"https:\/\/api.w.org\/{rel}","templated":true}]}}