{"id":3399,"date":"2025-09-22T09:56:28","date_gmt":"2025-09-22T06:56:28","guid":{"rendered":"https:\/\/ellego.fi\/palvelut\/sopimusvalmistus\/"},"modified":"2026-02-05T14:30:18","modified_gmt":"2026-02-05T12:30:18","slug":"sopimusvalmistus","status":"publish","type":"page","link":"https:\/\/ellego.fi\/fi\/palvelut\/sopimusvalmistus\/","title":{"rendered":"Sopimusvalmistus"},"content":{"rendered":"\t\t<div data-elementor-type=\"wp-page\" data-elementor-id=\"3399\" class=\"elementor elementor-3399 elementor-1771\" data-elementor-post-type=\"page\">\n\t\t\t\t<div class=\"elementor-element elementor-element-07fcedc e-flex e-con-boxed e-con e-parent\" data-id=\"07fcedc\" data-element_type=\"container\" data-e-type=\"container\" data-settings=\"{&quot;background_background&quot;:&quot;classic&quot;,&quot;jet_parallax_layout_list&quot;:[]}\">\n\t\t\t\t\t<div class=\"e-con-inner\">\n\t\t\t\t<div class=\"elementor-element elementor-element-06bf667 elementor-widget elementor-widget-heading\" data-id=\"06bf667\" data-element_type=\"widget\" data-e-type=\"widget\" data-widget_type=\"heading.default\">\n\t\t\t\t<div class=\"elementor-widget-container\">\n\t\t\t\t\t<h1 class=\"elementor-heading-title elementor-size-default\">Tehoelektroniikan sopimusvalmistus<\/h1>\t\t\t\t<\/div>\n\t\t\t\t<\/div>\n\t\t\t\t\t<\/div>\n\t\t\t\t<\/div>\n\t\t<div class=\"elementor-element elementor-element-bf984dd e-flex e-con-boxed e-con e-parent\" data-id=\"bf984dd\" data-element_type=\"container\" data-e-type=\"container\" data-settings=\"{&quot;jet_parallax_layout_list&quot;:[],&quot;background_background&quot;:&quot;classic&quot;}\">\n\t\t\t\t\t<div class=\"e-con-inner\">\n\t\t<div class=\"elementor-element elementor-element-182a406 e-con-full e-flex e-con e-child\" data-id=\"182a406\" data-element_type=\"container\" data-e-type=\"container\" data-settings=\"{&quot;jet_parallax_layout_list&quot;:[],&quot;animation&quot;:&quot;none&quot;}\">\n\t\t\t\t<div class=\"elementor-element elementor-element-d72e182 elementor-widget elementor-widget-heading\" data-id=\"d72e182\" data-element_type=\"widget\" data-e-type=\"widget\" data-widget_type=\"heading.default\">\n\t\t\t\t<div class=\"elementor-widget-container\">\n\t\t\t\t\t<h2 class=\"elementor-heading-title elementor-size-default\">Luotettava ja vastuullinen kumppani<\/h2>\t\t\t\t<\/div>\n\t\t\t\t<\/div>\n\t\t\t\t<\/div>\n\t\t\t\t\t<\/div>\n\t\t\t\t<\/div>\n\t\t<div class=\"elementor-element elementor-element-711022c e-flex e-con-boxed e-con e-parent\" data-id=\"711022c\" data-element_type=\"container\" data-e-type=\"container\" data-settings=\"{&quot;jet_parallax_layout_list&quot;:[],&quot;background_background&quot;:&quot;classic&quot;}\">\n\t\t\t\t\t<div class=\"e-con-inner\">\n\t\t<div class=\"elementor-element elementor-element-03db7de e-con-full hero_nosto e-flex e-con e-child\" data-id=\"03db7de\" data-element_type=\"container\" data-e-type=\"container\" data-settings=\"{&quot;jet_parallax_layout_list&quot;:[]}\">\n\t\t\t\t<div class=\"elementor-element elementor-element-7cde0a1 elementor-widget elementor-widget-text-editor\" data-id=\"7cde0a1\" data-element_type=\"widget\" data-e-type=\"widget\" data-widget_type=\"text-editor.default\">\n\t\t\t\t<div class=\"elementor-widget-container\">\n\t\t\t\t\t\t\t\t\t<p><span style=\"font-weight: 400;\">Etsitk\u00f6 luotettavaa ja kustannustehokasta kumppania tehoelektroniikan sopimusvalmistukseen? Yli 45 vuoden kokemuksella ELLEGO\u2122 valmistaa tuotteita, jotka kest\u00e4v\u00e4t vaativissa k\u00e4ytt\u00f6olosuhteissa ja t\u00e4ytt\u00e4v\u00e4t tiukimmatkin laatu- ja ymp\u00e4rist\u00f6vaatimukset. Valmistamme tuotteet asiakkaan piirustusten ja vaatimusten mukaisesti, hy\u00f6dynt\u00e4en omaa teknist\u00e4 asiantuntemustamme ja joustavaa tuotantomalliamme. Asiakkaanamme voitte kestitty\u00e4 ydinosaamiseenne samalla kun me huolehdimme tuotteen valmistuksesta alusta loppuun.   <\/span><\/p>\t\t\t\t\t\t\t\t<\/div>\n\t\t\t\t<\/div>\n\t\t\t\t<\/div>\n\t\t\t\t\t<\/div>\n\t\t\t\t<\/div>\n\t\t<div class=\"elementor-element elementor-element-f7f57e8 e-flex e-con-boxed e-con e-parent\" data-id=\"f7f57e8\" data-element_type=\"container\" data-e-type=\"container\" data-settings=\"{&quot;jet_parallax_layout_list&quot;:[],&quot;background_background&quot;:&quot;classic&quot;}\">\n\t\t\t\t\t<div class=\"e-con-inner\">\n\t\t<div class=\"elementor-element elementor-element-b7797ff e-con-full hero_nosto e-flex e-con e-child\" data-id=\"b7797ff\" data-element_type=\"container\" data-e-type=\"container\" data-settings=\"{&quot;jet_parallax_layout_list&quot;:[]}\">\n\t\t\t\t<div class=\"elementor-element elementor-element-8fe8519 elementor-widget elementor-widget-text-editor\" data-id=\"8fe8519\" data-element_type=\"widget\" data-e-type=\"widget\" data-widget_type=\"text-editor.default\">\n\t\t\t\t<div class=\"elementor-widget-container\">\n\t\t\t\t\t\t\t\t\t<h4>Miksi valita ELLEGO\u2122 sopimusvalmistajaksi?<\/h4><p><span style=\"font-weight: 400;\">Sopimusvalmistus ELLEGOn kanssa tarjoaa:<\/span><\/p><ul><li style=\"font-weight: 400;\" aria-level=\"1\"><span style=\"font-weight: 400;\"><b>Kustannustehokkuutta:<\/b><\/span> Ulkoistamalla laitevalmistuksen meille, teill\u00e4 ei ole tarvetta investoida omiin tuotantotiloihin ja -laitteisiin<\/li><li style=\"font-weight: 400;\" aria-level=\"1\"><b>Teknist\u00e4 asiantuntemusta:<\/b> Yli 45 vuoden kokemus tehoelektroniikan valmistuksesta ja vaativista teollisista sovelluksista kriittisiin kohteisiin<\/li><li style=\"font-weight: 400;\" aria-level=\"1\"><b>Joustavuutta ja skaalautuvuutta:<\/b> Valmistuskapasiteettimme mukautuu projektin ja markkinatarpeiden mukaisesti<\/li><li style=\"font-weight: 400;\" aria-level=\"1\"><b>Laadukasta ja vastuullista valmistamista: <\/b><span style=\"font-weight: 400;\">ISO 9001 ja ISO 14001 -sertifiointi, EcoVadis-pronssitason tunnustus sek\u00e4 kyberturvallisuusvaatimusten huomiointi. Mik\u00e4li sopimusvalmistettavaan laitteeseen liittyy kyberturvallisuusvaatimuksia, olemme valmiita keskustelemaan tarkemmin yksityiskohdista. Omissa tuotteissamme sovellamme IEC 62443 -standardia ja meill\u00e4 on hyv\u00e4 valmiudet arvioida asiakastarpeita.  <\/span><\/li><li style=\"font-weight: 400;\" aria-level=\"1\"><b>Asiakasl\u00e4ht\u00f6inen yhteisty\u00f6:<\/b> Meille asiakas on t\u00e4rkein. Jokainen projekti suunnitellaan yhteisty\u00f6ss\u00e4 asiakkaan kanssa, jotta lopputulos vastaa erinomaisesti teknisi\u00e4 ja toiminnallisia vaatimuksia. <\/li><\/ul>\t\t\t\t\t\t\t\t<\/div>\n\t\t\t\t<\/div>\n\t\t\t\t<\/div>\n\t\t<div class=\"elementor-element elementor-element-51e2f9f e-con-full hero_nosto e-flex e-con e-child\" data-id=\"51e2f9f\" data-element_type=\"container\" data-e-type=\"container\" data-settings=\"{&quot;jet_parallax_layout_list&quot;:[]}\">\n\t\t\t\t<div class=\"elementor-element elementor-element-3b7b1a6 elementor-widget elementor-widget-text-editor\" data-id=\"3b7b1a6\" data-element_type=\"widget\" data-e-type=\"widget\" data-widget_type=\"text-editor.default\">\n\t\t\t\t<div class=\"elementor-widget-container\">\n\t\t\t\t\t\t\t\t\t<h4>Mukautetut tehoelektroniikkaratkaisut eri teollisuudenaloille<\/h4><p><span style=\"font-weight: 400;\">Valmistamme asiakaskohtaisia tehoelektroniikka ratkaisuja muun muassa:<\/span><\/p><ul><li style=\"font-weight: 400;\" aria-level=\"1\"><span style=\"font-weight: 400;\">Teollisuusautomaatioon<\/span><\/li><li style=\"font-weight: 400;\" aria-level=\"1\"><span style=\"font-weight: 400;\">Uusiutuvaan energiaan<\/span><\/li><li style=\"font-weight: 400;\" aria-level=\"1\"><span style=\"font-weight: 400;\">Meriteollisuuteen<\/span><\/li><li style=\"font-weight: 400;\" aria-level=\"1\"><span style=\"font-weight: 400;\">Kriittisiin s\u00e4hk\u00f6nsy\u00f6tt\u00f6j\u00e4rjestelmiin<\/span><\/li><li style=\"font-weight: 400;\" aria-level=\"1\"><span style=\"font-weight: 400;\">Prosessiteollisuuteen<\/span><\/li><li style=\"font-weight: 400;\" aria-level=\"1\"><span style=\"font-weight: 400;\">Pintak\u00e4sittelylaitoksiin<\/span><\/li><li style=\"font-weight: 400;\" aria-level=\"1\"><span style=\"font-weight: 400;\">Vedenpuhdistuslaitoksiin<\/span><\/li><li style=\"font-weight: 400;\" aria-level=\"1\"><span style=\"font-weight: 400;\">Korroosiosuojaukseen<\/span><\/li><\/ul><p> <\/p><p><b><br><br>Haluatko luotettavan ja vastuullisen kumppanin tehoelektroniikan sopimusvalmistukseen? <\/b>Ota yhteytt\u00e4 <a href=\"mailto:sales@ellego.fi\">sales@ellego.fi <\/a>ja suunnitellaan yhdess\u00e4 juuri sinun yrityksesi tarpeisiin sopiva sopimusvalmistusratkaisu.<\/p>\t\t\t\t\t\t\t\t<\/div>\n\t\t\t\t<\/div>\n\t\t\t\t<\/div>\n\t\t\t\t\t<\/div>\n\t\t\t\t<\/div>\n\t\t<div class=\"elementor-element elementor-element-5894b4f e-flex e-con-boxed e-con e-parent\" data-id=\"5894b4f\" data-element_type=\"container\" data-e-type=\"container\" data-settings=\"{&quot;jet_parallax_layout_list&quot;:[],&quot;background_background&quot;:&quot;classic&quot;}\">\n\t\t\t\t\t<div class=\"e-con-inner\">\n\t\t<div class=\"elementor-element elementor-element-48088c6 e-con-full e-flex e-con e-child\" data-id=\"48088c6\" data-element_type=\"container\" data-e-type=\"container\" data-settings=\"{&quot;jet_parallax_layout_list&quot;:[],&quot;animation&quot;:&quot;none&quot;}\">\n\t\t\t\t<div class=\"elementor-element elementor-element-e6d301e elementor-widget elementor-widget-heading\" data-id=\"e6d301e\" data-element_type=\"widget\" data-e-type=\"widget\" data-widget_type=\"heading.default\">\n\t\t\t\t<div class=\"elementor-widget-container\">\n\t\t\t\t\t<h5 class=\"elementor-heading-title elementor-size-default\">Turn on\nthe solutions.<\/h5>\t\t\t\t<\/div>\n\t\t\t\t<\/div>\n\t\t\t\t<\/div>\n\t\t<div class=\"elementor-element elementor-element-ff1fb4a e-con-full e-flex e-con e-child\" data-id=\"ff1fb4a\" data-element_type=\"container\" data-e-type=\"container\" data-settings=\"{&quot;jet_parallax_layout_list&quot;:[],&quot;animation&quot;:&quot;none&quot;}\">\n\t\t\t\t<div class=\"elementor-element elementor-element-e1d0f5f elementor-align-left elementor-mobile-align-center elementor-widget elementor-widget-button\" data-id=\"e1d0f5f\" data-element_type=\"widget\" data-e-type=\"widget\" data-widget_type=\"button.default\">\n\t\t\t\t<div class=\"elementor-widget-container\">\n\t\t\t\t\t\t\t\t\t<div class=\"elementor-button-wrapper\">\n\t\t\t\t\t<a class=\"elementor-button elementor-button-link elementor-size-sm elementor-animation-grow\" href=\"https:\/\/ellego.fi\/fi\/ota-yhteytta\/\">\n\t\t\t\t\t\t<span class=\"elementor-button-content-wrapper\">\n\t\t\t\t\t\t<span class=\"elementor-button-icon\">\n\t\t\t\t<svg xmlns=\"http:\/\/www.w3.org\/2000\/svg\" width=\"34\" height=\"35\" viewBox=\"0 0 34 35\" fill=\"none\"><rect x=\"-0.000244141\" y=\"0.988892\" width=\"34\" height=\"34\" rx=\"17\" fill=\"#00AEEF\"><\/rect><path d=\"M18.4038 9.56446C18.4038 8.78784 17.7764 8.1604 16.9998 8.1604C16.2231 8.1604 15.5957 8.78784 15.5957 9.56446V16.5848H8.57539C7.79877 16.5848 7.17133 17.2122 7.17133 17.9888C7.17133 18.7655 7.79877 19.3929 8.57539 19.3929H15.5957V26.4132C15.5957 27.1898 16.2231 27.8173 16.9998 27.8173C17.7764 27.8173 18.4038 27.1898 18.4038 26.4132V19.3929H25.4241C26.2007 19.3929 26.8282 18.7655 26.8282 17.9888C26.8282 17.2122 26.2007 16.5848 25.4241 16.5848H18.4038V9.56446Z\" fill=\"white\"><\/path><\/svg>\t\t\t<\/span>\n\t\t\t\t\t\t\t\t\t<span class=\"elementor-button-text\">Ota yhteytt\u00e4!<\/span>\n\t\t\t\t\t<\/span>\n\t\t\t\t\t<\/a>\n\t\t\t\t<\/div>\n\t\t\t\t\t\t\t\t<\/div>\n\t\t\t\t<\/div>\n\t\t\t\t<\/div>\n\t\t\t\t\t<\/div>\n\t\t\t\t<\/div>\n\t\t\t\t<\/div>\n\t\t","protected":false},"excerpt":{"rendered":"<p>Tehoelektroniikan sopimusvalmistus Luotettava ja vastuullinen kumppani Etsitk\u00f6 luotettavaa ja kustannustehokasta kumppania tehoelektroniikan sopimusvalmistukseen? Yli 45 vuoden kokemuksella ELLEGO\u2122 valmistaa tuotteita, jotka kest\u00e4v\u00e4t vaativissa k\u00e4ytt\u00f6olosuhteissa ja t\u00e4ytt\u00e4v\u00e4t tiukimmatkin laatu- ja ymp\u00e4rist\u00f6vaatimukset. Valmistamme tuotteet asiakkaan piirustusten ja vaatimusten mukaisesti, hy\u00f6dynt\u00e4en omaa teknist\u00e4 asiantuntemustamme ja joustavaa tuotantomalliamme. Asiakkaanamme voitte kestitty\u00e4 ydinosaamiseenne samalla kun me huolehdimme tuotteen valmistuksesta alusta [&hellip;]<\/p>\n","protected":false},"author":1,"featured_media":0,"parent":3395,"menu_order":0,"comment_status":"closed","ping_status":"closed","template":"","meta":{"footnotes":""},"class_list":["post-3399","page","type-page","status-publish","hentry"],"_links":{"self":[{"href":"https:\/\/ellego.fi\/fi\/wp-json\/wp\/v2\/pages\/3399","targetHints":{"allow":["GET"]}}],"collection":[{"href":"https:\/\/ellego.fi\/fi\/wp-json\/wp\/v2\/pages"}],"about":[{"href":"https:\/\/ellego.fi\/fi\/wp-json\/wp\/v2\/types\/page"}],"author":[{"embeddable":true,"href":"https:\/\/ellego.fi\/fi\/wp-json\/wp\/v2\/users\/1"}],"replies":[{"embeddable":true,"href":"https:\/\/ellego.fi\/fi\/wp-json\/wp\/v2\/comments?post=3399"}],"version-history":[{"count":11,"href":"https:\/\/ellego.fi\/fi\/wp-json\/wp\/v2\/pages\/3399\/revisions"}],"predecessor-version":[{"id":3975,"href":"https:\/\/ellego.fi\/fi\/wp-json\/wp\/v2\/pages\/3399\/revisions\/3975"}],"up":[{"embeddable":true,"href":"https:\/\/ellego.fi\/fi\/wp-json\/wp\/v2\/pages\/3395"}],"wp:attachment":[{"href":"https:\/\/ellego.fi\/fi\/wp-json\/wp\/v2\/media?parent=3399"}],"curies":[{"name":"wp","href":"https:\/\/api.w.org\/{rel}","templated":true}]}}