{"id":3395,"date":"2025-09-22T09:41:51","date_gmt":"2025-09-22T06:41:51","guid":{"rendered":"https:\/\/ellego.fi\/palvelut\/"},"modified":"2026-02-05T14:22:53","modified_gmt":"2026-02-05T12:22:53","slug":"palvelut","status":"publish","type":"page","link":"https:\/\/ellego.fi\/fi\/palvelut\/","title":{"rendered":"Palvelut"},"content":{"rendered":"\t\t<div data-elementor-type=\"wp-page\" data-elementor-id=\"3395\" class=\"elementor elementor-3395 elementor-1736\" data-elementor-post-type=\"page\">\n\t\t\t\t<div class=\"elementor-element elementor-element-bf984dd e-flex e-con-boxed e-con e-parent\" data-id=\"bf984dd\" data-element_type=\"container\" data-e-type=\"container\" data-settings=\"{&quot;jet_parallax_layout_list&quot;:[]}\">\n\t\t\t\t\t<div class=\"e-con-inner\">\n\t\t<div class=\"elementor-element elementor-element-182a406 e-con-full e-flex elementor-invisible e-con e-child\" data-id=\"182a406\" data-element_type=\"container\" data-e-type=\"container\" data-settings=\"{&quot;jet_parallax_layout_list&quot;:[],&quot;animation&quot;:&quot;fadeInUp&quot;}\">\n\t\t\t\t<div class=\"elementor-element elementor-element-c3604ec elementor-widget elementor-widget-heading\" data-id=\"c3604ec\" data-element_type=\"widget\" data-e-type=\"widget\" data-widget_type=\"heading.default\">\n\t\t\t\t<div class=\"elementor-widget-container\">\n\t\t\t\t\t<h1 class=\"elementor-heading-title elementor-size-default\">Palvelut<\/h1>\t\t\t\t<\/div>\n\t\t\t\t<\/div>\n\t\t\t\t<\/div>\n\t\t\t\t\t<\/div>\n\t\t\t\t<\/div>\n\t\t<div class=\"elementor-element elementor-element-711022c e-flex e-con-boxed e-con e-parent\" data-id=\"711022c\" data-element_type=\"container\" data-e-type=\"container\" data-settings=\"{&quot;jet_parallax_layout_list&quot;:[]}\">\n\t\t\t\t\t<div class=\"e-con-inner\">\n\t\t<div class=\"elementor-element elementor-element-03db7de e-con-full hero_nosto e-flex e-con e-child\" data-id=\"03db7de\" data-element_type=\"container\" data-e-type=\"container\" data-settings=\"{&quot;jet_parallax_layout_list&quot;:[]}\">\n\t\t\t\t<div class=\"elementor-element elementor-element-31b10c4 elementor-widget elementor-widget-heading\" data-id=\"31b10c4\" data-element_type=\"widget\" data-e-type=\"widget\" data-widget_type=\"heading.default\">\n\t\t\t\t<div class=\"elementor-widget-container\">\n\t\t\t\t\t<h4 class=\"elementor-heading-title elementor-size-default\">K\u00e4ytt\u00f6\u00f6notto<\/h4>\t\t\t\t<\/div>\n\t\t\t\t<\/div>\n\t\t\t\t<div class=\"elementor-element elementor-element-7cde0a1 elementor-widget elementor-widget-text-editor\" data-id=\"7cde0a1\" data-element_type=\"widget\" data-e-type=\"widget\" data-widget_type=\"text-editor.default\">\n\t\t\t\t<div class=\"elementor-widget-container\">\n\t\t\t\t\t\t\t\t\t<p><span style=\"font-weight: 400;\">Onnistunut k\u00e4ytt\u00f6\u00f6notto on olennaisen t\u00e4rke\u00e4\u00e4 j\u00e4rjestelm\u00e4n pitk\u00e4aikaisen ja keskeytym\u00e4tt\u00f6m\u00e4n toiminnan kannalta. Asiantuntijatiimimme varmistaa, ett\u00e4 jokainen toimitettu j\u00e4rjestelm\u00e4 asennetaan, konfiguroidaan ja aktivoidaan turvallisesti, tehokkaasti ja oikein. <\/span><\/p>\t\t\t\t\t\t\t\t<\/div>\n\t\t\t\t<\/div>\n\t\t\t\t<div class=\"elementor-element elementor-element-51f1a13 elementor-mobile-align-right elementor-widget elementor-widget-button\" data-id=\"51f1a13\" data-element_type=\"widget\" data-e-type=\"widget\" data-widget_type=\"button.default\">\n\t\t\t\t<div class=\"elementor-widget-container\">\n\t\t\t\t\t\t\t\t\t<div class=\"elementor-button-wrapper\">\n\t\t\t\t\t<a class=\"elementor-button elementor-button-link elementor-size-sm elementor-animation-grow\" href=\"https:\/\/ellego.fi\/fi\/palvelut\/kayttoonotto\/\">\n\t\t\t\t\t\t<span class=\"elementor-button-content-wrapper\">\n\t\t\t\t\t\t<span class=\"elementor-button-icon\">\n\t\t\t\t<svg xmlns=\"http:\/\/www.w3.org\/2000\/svg\" width=\"34\" height=\"35\" viewBox=\"0 0 34 35\" fill=\"none\"><rect x=\"-0.000244141\" y=\"0.988892\" width=\"34\" height=\"34\" rx=\"17\" fill=\"#00AEEF\"><\/rect><path d=\"M18.4038 9.56446C18.4038 8.78784 17.7764 8.1604 16.9998 8.1604C16.2231 8.1604 15.5957 8.78784 15.5957 9.56446V16.5848H8.57539C7.79877 16.5848 7.17133 17.2122 7.17133 17.9888C7.17133 18.7655 7.79877 19.3929 8.57539 19.3929H15.5957V26.4132C15.5957 27.1898 16.2231 27.8173 16.9998 27.8173C17.7764 27.8173 18.4038 27.1898 18.4038 26.4132V19.3929H25.4241C26.2007 19.3929 26.8282 18.7655 26.8282 17.9888C26.8282 17.2122 26.2007 16.5848 25.4241 16.5848H18.4038V9.56446Z\" fill=\"white\"><\/path><\/svg>\t\t\t<\/span>\n\t\t\t\t\t\t\t\t\t<span class=\"elementor-button-text\">Lue lis\u00e4\u00e4<\/span>\n\t\t\t\t\t<\/span>\n\t\t\t\t\t<\/a>\n\t\t\t\t<\/div>\n\t\t\t\t\t\t\t\t<\/div>\n\t\t\t\t<\/div>\n\t\t\t\t<\/div>\n\t\t<div class=\"elementor-element elementor-element-d9fe174 e-con-full hero_nosto e-flex e-con e-child\" data-id=\"d9fe174\" data-element_type=\"container\" data-e-type=\"container\" data-settings=\"{&quot;jet_parallax_layout_list&quot;:[]}\">\n\t\t\t\t<div class=\"elementor-element elementor-element-37bd0d8 elementor-widget elementor-widget-heading\" data-id=\"37bd0d8\" data-element_type=\"widget\" data-e-type=\"widget\" data-widget_type=\"heading.default\">\n\t\t\t\t<div class=\"elementor-widget-container\">\n\t\t\t\t\t<h4 class=\"elementor-heading-title elementor-size-default\">Huolto<\/h4>\t\t\t\t<\/div>\n\t\t\t\t<\/div>\n\t\t\t\t<div class=\"elementor-element elementor-element-63a3038 elementor-widget elementor-widget-text-editor\" data-id=\"63a3038\" data-element_type=\"widget\" data-e-type=\"widget\" data-widget_type=\"text-editor.default\">\n\t\t\t\t<div class=\"elementor-widget-container\">\n\t\t\t\t\t\t\t\t\t<p><span style=\"font-weight: 400;\">ELLEGO\u2122<\/span> <span style=\"font-weight: 400;\">on muutakin kuin laitteistotoimittaja. Olemme asiantunteva ja sitoutunut kumppani, joka tukee asiakkaitamme heid\u00e4n j\u00e4rjestelmiens\u00e4 koko elinkaaren ajan. Varmistamme, ett\u00e4 kriittiset tehoelektroniikkaj\u00e4rjestelm\u00e4nne pysyv\u00e4t toimivina, tehokkaina ja turvallisina vuodesta toiseen.  <\/span><\/p>\t\t\t\t\t\t\t\t<\/div>\n\t\t\t\t<\/div>\n\t\t\t\t<div class=\"elementor-element elementor-element-36da974 elementor-mobile-align-right elementor-widget elementor-widget-button\" data-id=\"36da974\" data-element_type=\"widget\" data-e-type=\"widget\" data-widget_type=\"button.default\">\n\t\t\t\t<div class=\"elementor-widget-container\">\n\t\t\t\t\t\t\t\t\t<div class=\"elementor-button-wrapper\">\n\t\t\t\t\t<a class=\"elementor-button elementor-button-link elementor-size-sm elementor-animation-grow\" href=\"https:\/\/ellego.fi\/fi\/palvelut\/huolto\/\">\n\t\t\t\t\t\t<span class=\"elementor-button-content-wrapper\">\n\t\t\t\t\t\t<span class=\"elementor-button-icon\">\n\t\t\t\t<svg xmlns=\"http:\/\/www.w3.org\/2000\/svg\" width=\"34\" height=\"35\" viewBox=\"0 0 34 35\" fill=\"none\"><rect x=\"-0.000244141\" y=\"0.988892\" width=\"34\" height=\"34\" rx=\"17\" fill=\"#00AEEF\"><\/rect><path d=\"M18.4038 9.56446C18.4038 8.78784 17.7764 8.1604 16.9998 8.1604C16.2231 8.1604 15.5957 8.78784 15.5957 9.56446V16.5848H8.57539C7.79877 16.5848 7.17133 17.2122 7.17133 17.9888C7.17133 18.7655 7.79877 19.3929 8.57539 19.3929H15.5957V26.4132C15.5957 27.1898 16.2231 27.8173 16.9998 27.8173C17.7764 27.8173 18.4038 27.1898 18.4038 26.4132V19.3929H25.4241C26.2007 19.3929 26.8282 18.7655 26.8282 17.9888C26.8282 17.2122 26.2007 16.5848 25.4241 16.5848H18.4038V9.56446Z\" fill=\"white\"><\/path><\/svg>\t\t\t<\/span>\n\t\t\t\t\t\t\t\t\t<span class=\"elementor-button-text\">Lue lis\u00e4\u00e4  <\/span>\n\t\t\t\t\t<\/span>\n\t\t\t\t\t<\/a>\n\t\t\t\t<\/div>\n\t\t\t\t\t\t\t\t<\/div>\n\t\t\t\t<\/div>\n\t\t\t\t<\/div>\n\t\t<div class=\"elementor-element elementor-element-0504477 e-con-full hero_nosto e-flex e-con e-child\" data-id=\"0504477\" data-element_type=\"container\" data-e-type=\"container\" data-settings=\"{&quot;jet_parallax_layout_list&quot;:[]}\">\n\t\t\t\t<div class=\"elementor-element elementor-element-598e7f4 elementor-widget elementor-widget-heading\" data-id=\"598e7f4\" data-element_type=\"widget\" data-e-type=\"widget\" data-widget_type=\"heading.default\">\n\t\t\t\t<div class=\"elementor-widget-container\">\n\t\t\t\t\t<h4 class=\"elementor-heading-title elementor-size-default\">Sopimusvalmistus<\/h4>\t\t\t\t<\/div>\n\t\t\t\t<\/div>\n\t\t\t\t<div class=\"elementor-element elementor-element-916595e elementor-widget elementor-widget-text-editor\" data-id=\"916595e\" data-element_type=\"widget\" data-e-type=\"widget\" data-widget_type=\"text-editor.default\">\n\t\t\t\t<div class=\"elementor-widget-container\">\n\t\t\t\t\t\t\t\t\t<p>ELLEGO\u2122 on kokenut ja kustannustehokas sopimusvalmistuskumppani, jolla on yli 45 vuoden asiantuntemus tehoelektroniikkaratkaisuista vaativille teollisuudenaloille. Tarjoamme joustavia, laadukkaita ja vastuullisia sopimusvalmistuspalveluja. <\/p>\t\t\t\t\t\t\t\t<\/div>\n\t\t\t\t<\/div>\n\t\t\t\t<div class=\"elementor-element elementor-element-42e4d53 elementor-mobile-align-right elementor-widget elementor-widget-button\" data-id=\"42e4d53\" data-element_type=\"widget\" data-e-type=\"widget\" data-widget_type=\"button.default\">\n\t\t\t\t<div class=\"elementor-widget-container\">\n\t\t\t\t\t\t\t\t\t<div class=\"elementor-button-wrapper\">\n\t\t\t\t\t<a class=\"elementor-button elementor-button-link elementor-size-sm elementor-animation-grow\" href=\"https:\/\/ellego.fi\/fi\/palvelut\/sopimusvalmistus\/\">\n\t\t\t\t\t\t<span class=\"elementor-button-content-wrapper\">\n\t\t\t\t\t\t<span class=\"elementor-button-icon\">\n\t\t\t\t<svg xmlns=\"http:\/\/www.w3.org\/2000\/svg\" width=\"34\" height=\"35\" viewBox=\"0 0 34 35\" fill=\"none\"><rect x=\"-0.000244141\" y=\"0.988892\" width=\"34\" height=\"34\" rx=\"17\" fill=\"#00AEEF\"><\/rect><path d=\"M18.4038 9.56446C18.4038 8.78784 17.7764 8.1604 16.9998 8.1604C16.2231 8.1604 15.5957 8.78784 15.5957 9.56446V16.5848H8.57539C7.79877 16.5848 7.17133 17.2122 7.17133 17.9888C7.17133 18.7655 7.79877 19.3929 8.57539 19.3929H15.5957V26.4132C15.5957 27.1898 16.2231 27.8173 16.9998 27.8173C17.7764 27.8173 18.4038 27.1898 18.4038 26.4132V19.3929H25.4241C26.2007 19.3929 26.8282 18.7655 26.8282 17.9888C26.8282 17.2122 26.2007 16.5848 25.4241 16.5848H18.4038V9.56446Z\" fill=\"white\"><\/path><\/svg>\t\t\t<\/span>\n\t\t\t\t\t\t\t\t\t<span class=\"elementor-button-text\">Lue lis\u00e4\u00e4<\/span>\n\t\t\t\t\t<\/span>\n\t\t\t\t\t<\/a>\n\t\t\t\t<\/div>\n\t\t\t\t\t\t\t\t<\/div>\n\t\t\t\t<\/div>\n\t\t\t\t<\/div>\n\t\t\t\t\t<\/div>\n\t\t\t\t<\/div>\n\t\t\t\t<\/div>\n\t\t","protected":false},"excerpt":{"rendered":"<p>Palvelut K\u00e4ytt\u00f6\u00f6notto Onnistunut k\u00e4ytt\u00f6\u00f6notto on olennaisen t\u00e4rke\u00e4\u00e4 j\u00e4rjestelm\u00e4n pitk\u00e4aikaisen ja keskeytym\u00e4tt\u00f6m\u00e4n toiminnan kannalta. Asiantuntijatiimimme varmistaa, ett\u00e4 jokainen toimitettu j\u00e4rjestelm\u00e4 asennetaan, konfiguroidaan ja aktivoidaan turvallisesti, tehokkaasti ja oikein. Lue lis\u00e4\u00e4 Huolto ELLEGO\u2122 on muutakin kuin laitteistotoimittaja. Olemme asiantunteva ja sitoutunut kumppani, joka tukee asiakkaitamme heid\u00e4n j\u00e4rjestelmiens\u00e4 koko elinkaaren ajan. Varmistamme, ett\u00e4 kriittiset tehoelektroniikkaj\u00e4rjestelm\u00e4nne pysyv\u00e4t toimivina, tehokkaina [&hellip;]<\/p>\n","protected":false},"author":1,"featured_media":0,"parent":0,"menu_order":0,"comment_status":"closed","ping_status":"closed","template":"","meta":{"footnotes":""},"class_list":["post-3395","page","type-page","status-publish","hentry"],"_links":{"self":[{"href":"https:\/\/ellego.fi\/fi\/wp-json\/wp\/v2\/pages\/3395","targetHints":{"allow":["GET"]}}],"collection":[{"href":"https:\/\/ellego.fi\/fi\/wp-json\/wp\/v2\/pages"}],"about":[{"href":"https:\/\/ellego.fi\/fi\/wp-json\/wp\/v2\/types\/page"}],"author":[{"embeddable":true,"href":"https:\/\/ellego.fi\/fi\/wp-json\/wp\/v2\/users\/1"}],"replies":[{"embeddable":true,"href":"https:\/\/ellego.fi\/fi\/wp-json\/wp\/v2\/comments?post=3395"}],"version-history":[{"count":6,"href":"https:\/\/ellego.fi\/fi\/wp-json\/wp\/v2\/pages\/3395\/revisions"}],"predecessor-version":[{"id":3417,"href":"https:\/\/ellego.fi\/fi\/wp-json\/wp\/v2\/pages\/3395\/revisions\/3417"}],"wp:attachment":[{"href":"https:\/\/ellego.fi\/fi\/wp-json\/wp\/v2\/media?parent=3395"}],"curies":[{"name":"wp","href":"https:\/\/api.w.org\/{rel}","templated":true}]}}